{"id":7090,"date":"2021-04-19T12:04:49","date_gmt":"2021-04-19T12:04:49","guid":{"rendered":"https:\/\/www.11onze.cat\/treballa-amb-nosaltres\/"},"modified":"2022-03-08T11:24:04","modified_gmt":"2022-03-08T10:24:04","slug":"trabaja-con-nosotros","status":"publish","type":"page","link":"https:\/\/www.11onze.cat\/es\/trabaja-con-nosotros\/","title":{"rendered":"Trabaja con nosotros"},"content":{"rendered":"<div class=\"component text\">\n  <div class=\"container\">\n\n\n    <div class=\"row\">\n      <div class=\"col  col-lg-8  offset-lg-2\">\n        <p><b>11Onze es la comunidad fintech de Catalu\u00f1a. Abre una cuenta descargando la super app El Canut en <\/b><a href=\"https:\/\/bit.ly\/2YlbZAf\"><b>Android<\/b><\/a><b> y <\/b><a href=\"https:\/\/bit.ly\/Onze-IOS\"><b>Apple<\/b><\/a><b>. \u00a1\u00danete a la revoluci\u00f3n!<\/b><\/p>\n<p class=\"font_8\"><span class=\"color_11\">Estamos en un viaje apasionante para aportar innovaci\u00f3n, una cultura <strong>abierta y transparencia<\/strong>. Queremos que nos ayudes a nuestra visi\u00f3n.<br \/>\n<\/span><\/p>\n\n      <\/div>\n    <\/div>\n  <\/div>\n<\/div>\n\n\n<div class=\"component accordion\">\n  <div class=\"container\">\n    <div class=\"row\">\n      <div class=\"col col-lg-8 offset-lg-2\">\n        <h1>Estamos contratando en Catalu\u00f1a<\/h1>\n        <div id=\"accordion\" class=\"accordion__wrapper\">\n\n            <div class=\"accordion__item\">\n              <div class=\"accordion__item__title\" id=\"accordionTitleaccordion-block-11\">\n                <h5>\n                  <button data-toggle=\"collapse\" data-target=\"#accordionContentaccordion-block-11\" aria-expanded=\"false\" aria-controls=\"accordionContentaccordion-block-11\">\n                    Senior UX\/UI Designer\n                  <\/button>\n                <\/h5>\n              <\/div>\n\n              <div id=\"accordionContentaccordion-block-11\" class=\"accordion__item__content collapse\" aria-labelledby=\"accordionTitleaccordion-block-11\" data-parent=\"#accordion\">\n                  <p>En 11Onze estamos creciendo, evolucionando e innovando. Como Senior UI\/UX Lead Designer, y con al menos 5 productos UX liderados por ti en el mercado, tu objetivo ser\u00e1 proponer, dise\u00f1ar y apoyar las diferentes interacciones y comportamientos de los usuarios de los productos digitales alineados con los est\u00e1ndares de usabilidad, manteniendo el enfoque de dise\u00f1o centrado en el usuario. Desarrollamos un producto digital altamente innovador y disruptivo, y te necesitamos para que este producto sea f\u00e1cil de usar e intuitivo para atraer y retener a los usuarios, combinando interfases y flujos de trabajo para mejorar la experiencia del usuario.<\/p>\n<p style=\"text-align: left;\"><a href=\"https:\/\/11onze.breezy.hr\/p\/28bcf9bc95ce01-senior-ux-ui-designer\" target=\"_blank\" rel=\"noopener\">Quiero saber m\u00e1s<\/a><\/p>\n\n              <\/div>\n\n            <\/div>\n            <div class=\"accordion__item\">\n              <div class=\"accordion__item__title\" id=\"accordionTitleaccordion-block-12\">\n                <h5>\n                  <button data-toggle=\"collapse\" data-target=\"#accordionContentaccordion-block-12\" aria-expanded=\"false\" aria-controls=\"accordionContentaccordion-block-12\">\n                    Senior Backend Engineer &#8211; Mobile Apps Team\n                  <\/button>\n                <\/h5>\n              <\/div>\n\n              <div id=\"accordionContentaccordion-block-12\" class=\"accordion__item__content collapse\" aria-labelledby=\"accordionTitleaccordion-block-12\" data-parent=\"#accordion\">\n                  <p>El equipo de Mobile Apps es el responsable de nuestras aplicaciones para clientes de Android e iOS, que ofrecen servicios financieros a nuestros clientes, abarcando tanto el backend como el frontend. Se trata de un equipo \u00e1gil y transversal, con un alcance claro y bien definido, que requiere que los ingenieros de Backend, Android e iOS colaboren en la definici\u00f3n e implementaci\u00f3n de nuestro producto. Se trata de un equipo de alto impacto que es esencial para tener un negocio rentable y sostenible. Al ser la primera y m\u00e1s importante interfaz con nuestros usuarios, la calidad y la escalabilidad son clave.<\/p>\n<p>Buscamos un Senior Backend Engineer apasionado, entusiasta y capacitado para unirse a nuestra organizaci\u00f3n y ayudarnos a construir un gran producto.<\/p>\n<p><a href=\"https:\/\/11onze.breezy.hr\/p\/4f0f50b049a701-senior-backend-engineer-mobile-apps-team\" target=\"_blank\" rel=\"noopener\">Quiero saber m\u00e1s<\/a><\/p>\n\n              <\/div>\n\n            <\/div>\n            <div class=\"accordion__item\">\n              <div class=\"accordion__item__title\" id=\"accordionTitleaccordion-block-13\">\n                <h5>\n                  <button data-toggle=\"collapse\" data-target=\"#accordionContentaccordion-block-13\" aria-expanded=\"false\" aria-controls=\"accordionContentaccordion-block-13\">\n                    Senior Backend Engineer &#8211; Webapps team\n                  <\/button>\n                <\/h5>\n              <\/div>\n\n              <div id=\"accordionContentaccordion-block-13\" class=\"accordion__item__content collapse\" aria-labelledby=\"accordionTitleaccordion-block-13\" data-parent=\"#accordion\">\n                  <p>El equipo de Webpps es el propietario de nuestra plataforma de Back Office, nuestra Red Social Privada y nuestro Marketplace, abarcando tanto el backend como el frontend. Se trata de un equipo \u00e1gil y multifuncional, con un alcance claro y bien definido, que requiere que los ingenieros de Backend y Frontend colaboren en la definici\u00f3n e implementaci\u00f3n del producto.<\/p>\n<p>Se trata de un equipo de alto impacto que es esencial para tener un negocio rentable y sostenible.<\/p>\n<p>Buscamos un Senior Backend Engineer apasionado, entusiasta y capacitado para unirse a nuestra organizaci\u00f3n y ayudarnos a construir un gran producto.<\/p>\n<p><a href=\"https:\/\/11onze.breezy.hr\/p\/c50bde5971c201-senior-backend-engineer\" target=\"_blank\" rel=\"noopener\">Quiero saber m\u00e1s<\/a><\/p>\n\n              <\/div>\n\n            <\/div>\n            <div class=\"accordion__item\">\n              <div class=\"accordion__item__title\" id=\"accordionTitleaccordion-block-14\">\n                <h5>\n                  <button data-toggle=\"collapse\" data-target=\"#accordionContentaccordion-block-14\" aria-expanded=\"false\" aria-controls=\"accordionContentaccordion-block-14\">\n                    Senior Android Engineer\n                  <\/button>\n                <\/h5>\n              <\/div>\n\n              <div id=\"accordionContentaccordion-block-14\" class=\"accordion__item__content collapse\" aria-labelledby=\"accordionTitleaccordion-block-14\" data-parent=\"#accordion\">\n                  <p>El equipo de aplicaciones m\u00f3viles es el propietario de nuestras aplicaciones para clientes de Android e iOS, que ofrecen servicios financieros a nuestros clientes, abarcando tanto el backend como el frontend. Se trata de un equipo \u00e1gil y multifuncional, con un alcance claro y bien definido, que requiere que los ingenieros de Backend, Android e iOS colaboren en la definici\u00f3n e implementaci\u00f3n de nuestro producto.<\/p>\n<p>Este es un equipo de alto impacto que es esencial para tener un negocio rentable y sostenible. Al ser la primera y m\u00e1s importante interfaz con nuestros usuarios, la calidad y la escalabilidad son claves.<\/p>\n<p>Buscamos un Senior Android Engineer apasionado, entusiasta y capacitado para unirse a nuestra organizaci\u00f3n y ayudarnos a construir un gran producto.<\/p>\n<p><a href=\"https:\/\/11onze.breezy.hr\/p\/272e65f50dbd01-senior-android-engineer\" target=\"_blank\" rel=\"noopener\">Quiero saber m\u00e1s<\/a><\/p>\n\n              <\/div>\n\n            <\/div>\n            <div class=\"accordion__item\">\n              <div class=\"accordion__item__title\" id=\"accordionTitleaccordion-block-15\">\n                <h5>\n                  <button data-toggle=\"collapse\" data-target=\"#accordionContentaccordion-block-15\" aria-expanded=\"false\" aria-controls=\"accordionContentaccordion-block-15\">\n                    Senior Cloud SRE\n                  <\/button>\n                <\/h5>\n              <\/div>\n\n              <div id=\"accordionContentaccordion-block-15\" class=\"accordion__item__content collapse\" aria-labelledby=\"accordionTitleaccordion-block-15\" data-parent=\"#accordion\">\n                  <p>El equipo de Plataforma es el propietario de nuestra infraestructura nativa de la nube.<\/p>\n<p>Este es un equipo de alto impacto que es esencial para tener un negocio rentable y sostenible. Como propietario de nuestra plataforma tecnol\u00f3gica, este equipo lleva la empresa sobre sus hombros.<\/p>\n<p>Estamos buscando un Senior Cloud SRE apasionado, entusiasta y capacitado para unirse a nuestra organizaci\u00f3n y ayudarnos a construir un gran producto.<\/p>\n<p><a href=\"https:\/\/11onze.breezy.hr\/p\/2fbf459d654001-senior-cloud-sre\" target=\"_blank\" rel=\"noopener\">Quiero saber m\u00e1s<\/a><\/p>\n\n              <\/div>\n\n            <\/div>\n            <div class=\"accordion__item\">\n              <div class=\"accordion__item__title\" id=\"accordionTitleaccordion-block-16\">\n                <h5>\n                  <button data-toggle=\"collapse\" data-target=\"#accordionContentaccordion-block-16\" aria-expanded=\"false\" aria-controls=\"accordionContentaccordion-block-16\">\n                    Senior iOS Engineer\n                  <\/button>\n                <\/h5>\n              <\/div>\n\n              <div id=\"accordionContentaccordion-block-16\" class=\"accordion__item__content collapse\" aria-labelledby=\"accordionTitleaccordion-block-16\" data-parent=\"#accordion\">\n                  <p>El equipo de aplicaciones m\u00f3viles es el propietario de nuestras aplicaciones para clientes de Android e iOS, que ofrecen servicios financieros a nuestros clientes, abarcando tanto el backend como el frontend. Se trata de un equipo \u00e1gil y multifuncional, con un alcance claro y bien definido, que requiere que los ingenieros de Backend, Android e iOS colaboren en la definici\u00f3n e implementaci\u00f3n de nuestro producto.<\/p>\n<p>Este es un equipo de alto impacto que es esencial para tener un negocio rentable y sostenible. Al ser la primera y m\u00e1s importante interfaz con nuestros usuarios, la calidad y la escalabilidad son claves.<\/p>\n<p>Buscamos un Senior iOS Engineer apasionado, entusiasta y capacitado para unirse a nuestra organizaci\u00f3n y ayudarnos a construir un gran producto.<\/p>\n<p><a href=\"https:\/\/11onze.breezy.hr\/p\/f068016a0c0d01-senior-ios-engineer\" target=\"_blank\" rel=\"noopener\">Quiero saber m\u00e1s<\/a><\/p>\n\n              <\/div>\n\n            <\/div>\n\n        <\/div>\n      <\/div>\n    <\/div>\n  <\/div>\n<\/div>\n\n\n<div class=\"component gallery gallery--full\">\n  <div class=\"carousel slide\">\n    <div class=\"carousel-inner\">\n      <div class=\"carousel-item active\">\n        <img decoding=\"async\" class=\"d-block w-100\" src=\"https:\/\/www.11onze.cat\/wp-content\/uploads\/2021\/04\/11Onze-Careers-Hiring-Div.jpeg\" alt=\"11Onze-Group-Discussion\">\n        <div class=\"carousel-caption\">\n          \n        <\/div>\n      <\/div>\n    <\/div>\n  <\/div>\n<\/div>\n\n\n<div class=\"component text\">\n  <div class=\"container\">\n\n    <div class=\"row\">\n      <div class=\"col col-lg-8 offset-lg-2\">\n        <h1>11Onze Academy<\/h1>\n      <\/div>\n    <\/div>\n\n    <div class=\"row\">\n      <div class=\"col  col-lg-8  offset-lg-2\">\n        <p>Revolucionaria como concepto de educaci\u00f3n a las empresas, se trata de un <strong>CAMPUS POP UP<\/strong> que se activar\u00e1 con cada ola de contrataci\u00f3n. En 3 semanas certifica oficialmente a los agentes para operar.<\/p>\n<p>Lo hemos documentado como una breve serie de v\u00eddeos en <a href=\"https:\/\/comunitat.11onze.cat\/11onze-tv\/11o-academy-ca\/benvinguda-a-11onze-academy\/\">11OnzeTV<\/a>.<\/p>\n<p>&nbsp;<\/p>\n<p>&nbsp;<\/p>\n<p>&nbsp;<\/p>\n\n      <\/div>\n    <\/div>\n  <\/div>\n<\/div>\n\n\n<div class=\"component gallery\">\n  <div class=\"container\">\n    <div class=\"row\">\n      <div class=\"col col-lg-10 offset-lg-1\">\n        <div id=\"slider\" class=\"carousel slide\">\n          <div class=\"carousel-inner\">\n            <div class=\"carousel-item active video-player inline-player\" data-video-id=\"6247201515001\">\n              <img decoding=\"async\" class=\"d-block w-100\" src=\"https:\/\/www.11onze.cat\/wp-content\/uploads\/2021\/04\/11Onze_Academy_Video_Thumb.jpeg\" alt=\"11Onze-\">\n              <button type=\"button\" class=\"play\"><\/button>\n              <div class=\"carousel-caption\">\n                <p>Un resumen del campus de tres semanas para formar los nuevos agentes<\/p>\n              <\/div>\n            <\/div>\n          <\/div>\n        <\/div>\n      <\/div>\n    <\/div>\n  <\/div>\n<\/div>\n\n<div class=\"component quote\">\n  <div class=\"container\">\n    <div class=\"row\">\n      <div class=\"quote__content col col-lg-8 offset-lg-2\">\n        <div class=\"quote__content__img\">\n          <img decoding=\"async\" src=\"https:\/\/www.11onze.cat\/wp-content\/uploads\/2021\/04\/11Onze-Darren-Smith-CCO.jpeg\" alt=\"http:\/\/11onze.dev.wondr.io\/wp-content\/uploads\/2021\/04\/11Onze-Darren-Smith-CCO\">\n        <\/div>\n        <div class=\"quote__wrapper\">\n          <div class=\"row\">\n            <div class=\"col col-lg-10 offset-lg-1\">\n              <blockquote>\n                <p>\u00abNuestra filosof\u00eda para 11Onze, no solo para el campus, es crear algo verdaderamente excepcional. La primera experiencia que tendr\u00e1 un cliente 11Onze ser\u00e1 digital y pondremos mucho \u00e9nfasis en la tecnolog\u00eda y la experiencia de los usuarios.<\/p>\n<p>Sin embargo, quer\u00edamos ir mucho m\u00e1s all\u00e1. En una \u00e9poca digital nos preocupa que las relaciones personales que construimos con el tiempo se pierdan y en 11Onze quer\u00edamos llevar este valor a la comunidad. Queremos que nuestros clientes tengan una relaci\u00f3n personal larga y significativa con nuestros representantes.\u00bb<\/p>\n\n                <span class=\"quote__content__author\">Darren Smith &#8211; COO<\/span>\n              <\/blockquote>\n            <\/div>\n          <\/div>\n        <\/div>\n      <\/div>\n    <\/div>\n  <\/div>\n<\/div>\n\n\n\n    <div class=\"component feature\" id=\"feature-block-1\">\n      <div class=\"container\">\n        <div class=\"row\">\n          <div class=\"feature__img col col-12 col-xl-4 offset-xl-2\">\n            <div class=\"feature__img__wrapper\">\n              <img decoding=\"async\" src=\"https:\/\/www.11onze.cat\/wp-content\/uploads\/2021\/04\/11Onze_Feature_block_Careers.jpeg\" alt=\"11Onza-Persones-amb-talent\">\n            <\/div>\n          <\/div>\n          <div class=\"feature__text col col-12 col-xl-3 offset-xl-1\">\n            <h4><\/h4>\n            <h2>\u00bfNo encuentras lo que buscas?<\/h2>\n            <div class=\"text\">\n              <p>Somos como t\u00fa y estamos felices de ayudarte<\/p>\n\n            <\/div>\n            <a href=\"mailto:careers@11onze.cat\" class=\"btn btn-primary\" target=\"\"><span>Cont\u00e1ctanos<\/span><\/a>\n          <\/div>\n        <\/div>\n      <\/div>\n    <\/div>\n\n","protected":false},"excerpt":{"rendered":"","protected":false},"author":4,"featured_media":0,"parent":0,"menu_order":0,"comment_status":"closed","ping_status":"closed","template":"page-service.php","meta":{"_acf_changed":false,"content-type":"","footnotes":""},"class_list":["post-7090","page","type-page","status-publish","hentry"],"acf":[],"yoast_head":"<!-- This site is optimized with the Yoast SEO plugin v27.5 - https:\/\/yoast.com\/product\/yoast-seo-wordpress\/ -->\n<title>Trabaja con nosotros - 11Onze<\/title>\n<meta name=\"robots\" content=\"index, follow, max-snippet:-1, max-image-preview:large, max-video-preview:-1\" \/>\n<link rel=\"canonical\" href=\"https:\/\/www.11onze.cat\/es\/trabaja-con-nosotros\/\" \/>\n<meta property=\"og:locale\" content=\"es_ES\" \/>\n<meta property=\"og:type\" content=\"article\" \/>\n<meta property=\"og:title\" content=\"Trabaja con nosotros - 11Onze\" \/>\n<meta property=\"og:url\" content=\"https:\/\/www.11onze.cat\/es\/trabaja-con-nosotros\/\" \/>\n<meta property=\"og:site_name\" content=\"11Onze\" \/>\n<meta property=\"article:publisher\" content=\"https:\/\/www.facebook.com\/11OnzeComunitat\" \/>\n<meta property=\"article:modified_time\" content=\"2022-03-08T10:24:04+00:00\" \/>\n<meta property=\"og:image\" content=\"https:\/\/www.11onze.cat\/wp-content\/uploads\/2021\/04\/Full_Image_11Onze_Retail_App.jpeg\" \/>\n\t<meta property=\"og:image:width\" content=\"1920\" \/>\n\t<meta property=\"og:image:height\" content=\"536\" \/>\n\t<meta property=\"og:image:type\" content=\"image\/jpeg\" \/>\n<meta name=\"twitter:card\" content=\"summary_large_image\" \/>\n<meta name=\"twitter:site\" content=\"@11OnzeFintech\" \/>\n<script type=\"application\/ld+json\" class=\"yoast-schema-graph\">{\"@context\":\"https:\\\/\\\/schema.org\",\"@graph\":[{\"@type\":\"WebPage\",\"@id\":\"https:\\\/\\\/www.11onze.cat\\\/es\\\/trabaja-con-nosotros\\\/\",\"url\":\"https:\\\/\\\/www.11onze.cat\\\/es\\\/trabaja-con-nosotros\\\/\",\"name\":\"Trabaja con nosotros - 11Onze\",\"isPartOf\":{\"@id\":\"https:\\\/\\\/www.11onze.cat\\\/es\\\/#website\"},\"datePublished\":\"2021-04-19T12:04:49+00:00\",\"dateModified\":\"2022-03-08T10:24:04+00:00\",\"breadcrumb\":{\"@id\":\"https:\\\/\\\/www.11onze.cat\\\/es\\\/trabaja-con-nosotros\\\/#breadcrumb\"},\"inLanguage\":\"es\",\"potentialAction\":[{\"@type\":\"ReadAction\",\"target\":[\"https:\\\/\\\/www.11onze.cat\\\/es\\\/trabaja-con-nosotros\\\/\"]}]},{\"@type\":\"BreadcrumbList\",\"@id\":\"https:\\\/\\\/www.11onze.cat\\\/es\\\/trabaja-con-nosotros\\\/#breadcrumb\",\"itemListElement\":[{\"@type\":\"ListItem\",\"position\":1,\"name\":\"Home\",\"item\":\"https:\\\/\\\/www.11onze.cat\\\/es\\\/\"},{\"@type\":\"ListItem\",\"position\":2,\"name\":\"Trabaja con nosotros\"}]},{\"@type\":\"WebSite\",\"@id\":\"https:\\\/\\\/www.11onze.cat\\\/es\\\/#website\",\"url\":\"https:\\\/\\\/www.11onze.cat\\\/es\\\/\",\"name\":\"11Onze\",\"description\":\"Primera comunidad fintech digital en Catalu\u00f1a\",\"publisher\":{\"@id\":\"https:\\\/\\\/www.11onze.cat\\\/es\\\/#organization\"},\"potentialAction\":[{\"@type\":\"SearchAction\",\"target\":{\"@type\":\"EntryPoint\",\"urlTemplate\":\"https:\\\/\\\/www.11onze.cat\\\/es\\\/?s={search_term_string}\"},\"query-input\":{\"@type\":\"PropertyValueSpecification\",\"valueRequired\":true,\"valueName\":\"search_term_string\"}}],\"inLanguage\":\"es\"},{\"@type\":\"Organization\",\"@id\":\"https:\\\/\\\/www.11onze.cat\\\/es\\\/#organization\",\"name\":\"11Onze\",\"url\":\"https:\\\/\\\/www.11onze.cat\\\/es\\\/\",\"logo\":{\"@type\":\"ImageObject\",\"inLanguage\":\"es\",\"@id\":\"https:\\\/\\\/www.11onze.cat\\\/es\\\/#\\\/schema\\\/logo\\\/image\\\/\",\"url\":\"https:\\\/\\\/www.11onze.cat\\\/wp-content\\\/uploads\\\/2021\\\/04\\\/512x512-11Onze.jpg\",\"contentUrl\":\"https:\\\/\\\/www.11onze.cat\\\/wp-content\\\/uploads\\\/2021\\\/04\\\/512x512-11Onze.jpg\",\"width\":512,\"height\":512,\"caption\":\"11Onze\"},\"image\":{\"@id\":\"https:\\\/\\\/www.11onze.cat\\\/es\\\/#\\\/schema\\\/logo\\\/image\\\/\"},\"sameAs\":[\"https:\\\/\\\/www.facebook.com\\\/11OnzeComunitat\",\"https:\\\/\\\/x.com\\\/11OnzeFintech\",\"https:\\\/\\\/www.instagram.com\\\/11onzecat\\\/\",\"https:\\\/\\\/www.linkedin.com\\\/company\\\/11onzebanc\",\"https:\\\/\\\/www.youtube.com\\\/channel\\\/UCz63R8Byd_kBKtK2M4Qf_7w\"]}]}<\/script>\n<!-- \/ Yoast SEO plugin. -->","yoast_head_json":{"title":"Trabaja con nosotros - 11Onze","robots":{"index":"index","follow":"follow","max-snippet":"max-snippet:-1","max-image-preview":"max-image-preview:large","max-video-preview":"max-video-preview:-1"},"canonical":"https:\/\/www.11onze.cat\/es\/trabaja-con-nosotros\/","og_locale":"es_ES","og_type":"article","og_title":"Trabaja con nosotros - 11Onze","og_url":"https:\/\/www.11onze.cat\/es\/trabaja-con-nosotros\/","og_site_name":"11Onze","article_publisher":"https:\/\/www.facebook.com\/11OnzeComunitat","article_modified_time":"2022-03-08T10:24:04+00:00","og_image":[{"width":1920,"height":536,"url":"https:\/\/www.11onze.cat\/wp-content\/uploads\/2021\/04\/Full_Image_11Onze_Retail_App.jpeg","type":"image\/jpeg"}],"twitter_card":"summary_large_image","twitter_site":"@11OnzeFintech","schema":{"@context":"https:\/\/schema.org","@graph":[{"@type":"WebPage","@id":"https:\/\/www.11onze.cat\/es\/trabaja-con-nosotros\/","url":"https:\/\/www.11onze.cat\/es\/trabaja-con-nosotros\/","name":"Trabaja con nosotros - 11Onze","isPartOf":{"@id":"https:\/\/www.11onze.cat\/es\/#website"},"datePublished":"2021-04-19T12:04:49+00:00","dateModified":"2022-03-08T10:24:04+00:00","breadcrumb":{"@id":"https:\/\/www.11onze.cat\/es\/trabaja-con-nosotros\/#breadcrumb"},"inLanguage":"es","potentialAction":[{"@type":"ReadAction","target":["https:\/\/www.11onze.cat\/es\/trabaja-con-nosotros\/"]}]},{"@type":"BreadcrumbList","@id":"https:\/\/www.11onze.cat\/es\/trabaja-con-nosotros\/#breadcrumb","itemListElement":[{"@type":"ListItem","position":1,"name":"Home","item":"https:\/\/www.11onze.cat\/es\/"},{"@type":"ListItem","position":2,"name":"Trabaja con nosotros"}]},{"@type":"WebSite","@id":"https:\/\/www.11onze.cat\/es\/#website","url":"https:\/\/www.11onze.cat\/es\/","name":"11Onze","description":"Primera comunidad fintech digital en Catalu\u00f1a","publisher":{"@id":"https:\/\/www.11onze.cat\/es\/#organization"},"potentialAction":[{"@type":"SearchAction","target":{"@type":"EntryPoint","urlTemplate":"https:\/\/www.11onze.cat\/es\/?s={search_term_string}"},"query-input":{"@type":"PropertyValueSpecification","valueRequired":true,"valueName":"search_term_string"}}],"inLanguage":"es"},{"@type":"Organization","@id":"https:\/\/www.11onze.cat\/es\/#organization","name":"11Onze","url":"https:\/\/www.11onze.cat\/es\/","logo":{"@type":"ImageObject","inLanguage":"es","@id":"https:\/\/www.11onze.cat\/es\/#\/schema\/logo\/image\/","url":"https:\/\/www.11onze.cat\/wp-content\/uploads\/2021\/04\/512x512-11Onze.jpg","contentUrl":"https:\/\/www.11onze.cat\/wp-content\/uploads\/2021\/04\/512x512-11Onze.jpg","width":512,"height":512,"caption":"11Onze"},"image":{"@id":"https:\/\/www.11onze.cat\/es\/#\/schema\/logo\/image\/"},"sameAs":["https:\/\/www.facebook.com\/11OnzeComunitat","https:\/\/x.com\/11OnzeFintech","https:\/\/www.instagram.com\/11onzecat\/","https:\/\/www.linkedin.com\/company\/11onzebanc","https:\/\/www.youtube.com\/channel\/UCz63R8Byd_kBKtK2M4Qf_7w"]}]}},"_links":{"self":[{"href":"https:\/\/www.11onze.cat\/es\/wp-json\/wp\/v2\/pages\/7090","targetHints":{"allow":["GET"]}}],"collection":[{"href":"https:\/\/www.11onze.cat\/es\/wp-json\/wp\/v2\/pages"}],"about":[{"href":"https:\/\/www.11onze.cat\/es\/wp-json\/wp\/v2\/types\/page"}],"author":[{"embeddable":true,"href":"https:\/\/www.11onze.cat\/es\/wp-json\/wp\/v2\/users\/4"}],"replies":[{"embeddable":true,"href":"https:\/\/www.11onze.cat\/es\/wp-json\/wp\/v2\/comments?post=7090"}],"version-history":[{"count":0,"href":"https:\/\/www.11onze.cat\/es\/wp-json\/wp\/v2\/pages\/7090\/revisions"}],"wp:attachment":[{"href":"https:\/\/www.11onze.cat\/es\/wp-json\/wp\/v2\/media?parent=7090"}],"curies":[{"name":"wp","href":"https:\/\/api.w.org\/{rel}","templated":true}]}}