{"id":44769,"date":"2023-05-29T12:18:32","date_gmt":"2023-05-29T10:18:32","guid":{"rendered":"https:\/\/www.11onze.cat\/11onze-segurs\/"},"modified":"2024-03-05T11:06:47","modified_gmt":"2024-03-05T10:06:47","slug":"11onze-segurs","status":"publish","type":"page","link":"https:\/\/www.11onze.cat\/es\/11onze-segurs\/","title":{"rendered":"11Onze Segurs"},"content":{"rendered":"<div class=\"component text\">\n  <div class=\"container\">\n\n\n    <div class=\"row\">\n      <div class=\"col  col-lg-8  offset-lg-2\">\n        <h3><strong>Los seguros son un gasto imprescindible, porque nos ayudan a protegernos. \u00bfPero podemos hacerlo mejor? En 11Onze Segurs ofrecemos seguros para nuestra comunidad y con los valores de 11Onze. \u00bfEsto qu\u00e9 quiere decir?<\/strong><\/h3>\n<p>&nbsp;<\/p>\n<ul>\n<li><b>\ud83d\udcb0 Mejor precio<span style=\"font-weight: 400;\">. Por el hecho de ser miembro de 11Onze tendr\u00e1s mejores condiciones.<\/span><\/b><\/li>\n<li><b>\ud83d\udcf1 Digitales. <span style=\"font-weight: 400;\">Sin papeleo, haci\u00e9ndolo f\u00e1cil.<\/span><\/b><\/li>\n<li><b>\ud83d\udcc1 Transparentes. <span style=\"font-weight: 400;\">Ni cl\u00e1usulas ocultas ni explicaciones enrevesadas. Te lo explicamos todo.<\/span><\/b><\/li>\n<li><b>\ud83d\udc4d Socialmente responsables.<span style=\"font-weight: 400;\"> Tenemos vocaci\u00f3n de servicio y ganas de mejorar nuestro entorno.<\/span><\/b><\/li>\n<li><b>\u2705 Calidad 11Onze. <span style=\"font-weight: 400;\">La intermediaci\u00f3n de 11Onze garantiza que el servicio de la compa\u00f1\u00eda aseguradora sea \u00f3ptimo. \u00a1La comunidad nos da m\u00e1s fuerza!<\/span><\/b><\/li>\n<\/ul>\n<h3><strong>\u2b07\ufe0f \u00bfY t\u00fa? \u00bfQu\u00e9 seguro necesitas?<br \/>\n<\/strong><\/h3>\n\n      <\/div>\n    <\/div>\n  <\/div>\n<\/div>\n\n\n\n\n    <div class=\"component feature white\" id=\"feature-block-1\">\n      <div class=\"container\">\n        <div class=\"row\">\n          <div class=\"feature__img col col-12 col-xl-5 offset-xl-1\">\n            <div class=\"feature__img__wrapper\" style=\"background-image: url('https:\/\/www.11onze.cat\/wp-content\/uploads\/2022\/06\/THUMBNAIL_SEGURS.jpg');\">\n              <img decoding=\"async\" src=\"https:\/\/www.11onze.cat\/wp-content\/uploads\/2022\/06\/THUMBNAIL_SEGURS.jpg\" alt=\"\">\n            <\/div>\n          <\/div>\n          <div class=\"feature__text col col-12 col-xl-5\">\n            <h4>El seguro justo para tu hogar<\/h4>\n            <h2>Hogar \ud83c\udfe0<\/h2>\n            <div class=\"text\">\n              <p>Presentamos 11Onze Segurs para cubrir otro gasto imprescindible: los seguros. Empecemos con un seguro del hogar en colaboraci\u00f3n con Tuio.<\/p>\n<p><strong>\u2b07\ufe0f\u00a0 \u00a1La propuesta es simple!<\/strong><\/p>\n\n            <\/div>\n            <a href=\"https:\/\/www.11onze.cat\/es\/hogar-11onze-segurs\/\" class=\"btn btn-primary\" target=\"\"><span>Desc\u00fabrelo!<\/span><\/a>\n          <\/div>\n        <\/div>\n      <\/div>\n    <\/div>\n\n\n\n\n\n\n    <div class=\"component feature white\" id=\"feature-block-2\">\n      <div class=\"container\">\n        <div class=\"row\">\n          <div class=\"feature__img col col-12 col-xl-5 offset-xl-1\">\n            <div class=\"feature__img__wrapper\" style=\"background-image: url('https:\/\/www.11onze.cat\/wp-content\/uploads\/2023\/05\/THUMBNAIL_11ONZE_SEGURS_MOTO-1000-\u00d7-1000-px.jpg');\">\n              <img decoding=\"async\" src=\"https:\/\/www.11onze.cat\/wp-content\/uploads\/2023\/05\/THUMBNAIL_11ONZE_SEGURS_MOTO-1000-\u00d7-1000-px.jpg\" alt=\"\">\n            <\/div>\n          <\/div>\n          <div class=\"feature__text col col-12 col-xl-5\">\n            <h4>Seguros de Km0<\/h4>\n            <h2>Veh\u00edculos \ud83d\ude97<\/h2>\n            <div class=\"text\">\n              <p><span style=\"font-weight: 400;\">En 11Onze Segurs nos gusta pon\u00e9rtelo f\u00e1cil. Por eso hemos llegado a un acuerdo con la mutua catalana Mussap para que puedas contratar el mejor seguro para tus veh\u00edculos.<\/span><\/p>\n<p><strong>\u2b07\ufe0f \u00bfQu\u00e9 tiene de especial?<\/strong><\/p>\n\n            <\/div>\n            <a href=\"https:\/\/www.11onze.cat\/vehicles-11onze-segurs\/\" class=\"btn btn-primary\" target=\"\"><span>\u00a1Quiero saber m\u00e1s!<\/span><\/a>\n          <\/div>\n        <\/div>\n      <\/div>\n    <\/div>\n\n\n\n\n\n\n    <div class=\"component feature white\" id=\"feature-block-3\">\n      <div class=\"container\">\n        <div class=\"row\">\n          <div class=\"feature__img col col-12 col-xl-5 offset-xl-1\">\n            <div class=\"feature__img__wrapper\" style=\"background-image: url('https:\/\/www.11onze.cat\/wp-content\/uploads\/2024\/03\/THUMBNAIL_GOS.png');\">\n              <img decoding=\"async\" src=\"https:\/\/www.11onze.cat\/wp-content\/uploads\/2024\/03\/THUMBNAIL_GOS.png\" alt=\"\">\n            <\/div>\n          <\/div>\n          <div class=\"feature__text col col-12 col-xl-5\">\n            <h4>\u00a1El mejor seguro para tu mejor amigo!<\/h4>\n            <h2>Mascotas \ud83d\udc36<\/h2>\n            <div class=\"text\">\n              <p><span style=\"font-weight: 400;\">Tu mejor amigo necesita el mejor seguro, ahora que ser\u00e1 obligatorio seg\u00fan la Ley de Bienestar Animal. <\/span><\/p>\n<p><span style=\"font-weight: 400;\"><strong>\u2b07\ufe0f Descubre como asegurar tu perro con 11Onze Segurs y Mussap.<\/strong><\/span><\/p>\n\n            <\/div>\n            <a href=\"https:\/\/www.11onze.cat\/es\/mascotas-11onze-segurs\/\" class=\"btn btn-primary\" target=\"_blank\"><span>\u00a1Vamos!<\/span><\/a>\n          <\/div>\n        <\/div>\n      <\/div>\n    <\/div>\n\n\n","protected":false},"excerpt":{"rendered":"","protected":false},"author":12,"featured_media":39778,"parent":0,"menu_order":0,"comment_status":"closed","ping_status":"closed","template":"","meta":{"_acf_changed":true,"content-type":"","footnotes":""},"class_list":["post-44769","page","type-page","status-publish","has-post-thumbnail","hentry"],"acf":[],"yoast_head":"<!-- This site is optimized with the Yoast SEO plugin v27.6 - https:\/\/yoast.com\/product\/yoast-seo-wordpress\/ -->\n<title>Seguros con los valores de 11Onze - 11Onze Segurs<\/title>\n<meta name=\"robots\" content=\"index, follow, max-snippet:-1, max-image-preview:large, max-video-preview:-1\" \/>\n<link rel=\"canonical\" href=\"https:\/\/www.11onze.cat\/es\/11onze-segurs\/\" \/>\n<meta property=\"og:locale\" content=\"es_ES\" \/>\n<meta property=\"og:type\" content=\"article\" \/>\n<meta property=\"og:title\" content=\"Seguros con los valores de 11Onze - 11Onze Segurs\" \/>\n<meta property=\"og:url\" content=\"https:\/\/www.11onze.cat\/es\/11onze-segurs\/\" \/>\n<meta property=\"og:site_name\" content=\"11Onze\" \/>\n<meta property=\"article:publisher\" content=\"https:\/\/www.facebook.com\/11OnzeComunitat\" \/>\n<meta property=\"article:modified_time\" content=\"2024-03-05T10:06:47+00:00\" \/>\n<meta property=\"og:image\" content=\"https:\/\/www.11onze.cat\/wp-content\/uploads\/2022\/11\/HEROIMAGE_SEGURS_ESTALVI.jpg\" \/>\n\t<meta property=\"og:image:width\" content=\"1800\" \/>\n\t<meta property=\"og:image:height\" content=\"1200\" \/>\n\t<meta property=\"og:image:type\" content=\"image\/jpeg\" \/>\n<meta name=\"twitter:card\" content=\"summary_large_image\" \/>\n<meta name=\"twitter:site\" content=\"@11OnzeFintech\" \/>\n<meta name=\"twitter:label1\" content=\"Tiempo de lectura\" \/>\n\t<meta name=\"twitter:data1\" content=\"1 minuto\" \/>\n<script type=\"application\/ld+json\" class=\"yoast-schema-graph\">{\"@context\":\"https:\\\/\\\/schema.org\",\"@graph\":[{\"@type\":\"WebPage\",\"@id\":\"https:\\\/\\\/www.11onze.cat\\\/es\\\/11onze-segurs\\\/\",\"url\":\"https:\\\/\\\/www.11onze.cat\\\/es\\\/11onze-segurs\\\/\",\"name\":\"Seguros con los valores de 11Onze - 11Onze Segurs\",\"isPartOf\":{\"@id\":\"https:\\\/\\\/www.11onze.cat\\\/es\\\/#website\"},\"primaryImageOfPage\":{\"@id\":\"https:\\\/\\\/www.11onze.cat\\\/es\\\/11onze-segurs\\\/#primaryimage\"},\"image\":{\"@id\":\"https:\\\/\\\/www.11onze.cat\\\/es\\\/11onze-segurs\\\/#primaryimage\"},\"thumbnailUrl\":\"https:\\\/\\\/www.11onze.cat\\\/wp-content\\\/uploads\\\/2022\\\/11\\\/HEROIMAGE_SEGURS_ESTALVI.jpg\",\"datePublished\":\"2023-05-29T10:18:32+00:00\",\"dateModified\":\"2024-03-05T10:06:47+00:00\",\"breadcrumb\":{\"@id\":\"https:\\\/\\\/www.11onze.cat\\\/es\\\/11onze-segurs\\\/#breadcrumb\"},\"inLanguage\":\"es\",\"potentialAction\":[{\"@type\":\"ReadAction\",\"target\":[\"https:\\\/\\\/www.11onze.cat\\\/es\\\/11onze-segurs\\\/\"]}]},{\"@type\":\"ImageObject\",\"inLanguage\":\"es\",\"@id\":\"https:\\\/\\\/www.11onze.cat\\\/es\\\/11onze-segurs\\\/#primaryimage\",\"url\":\"https:\\\/\\\/www.11onze.cat\\\/wp-content\\\/uploads\\\/2022\\\/11\\\/HEROIMAGE_SEGURS_ESTALVI.jpg\",\"contentUrl\":\"https:\\\/\\\/www.11onze.cat\\\/wp-content\\\/uploads\\\/2022\\\/11\\\/HEROIMAGE_SEGURS_ESTALVI.jpg\",\"width\":1800,\"height\":1200},{\"@type\":\"BreadcrumbList\",\"@id\":\"https:\\\/\\\/www.11onze.cat\\\/es\\\/11onze-segurs\\\/#breadcrumb\",\"itemListElement\":[{\"@type\":\"ListItem\",\"position\":1,\"name\":\"Home\",\"item\":\"https:\\\/\\\/www.11onze.cat\\\/es\\\/\"},{\"@type\":\"ListItem\",\"position\":2,\"name\":\"11Onze Segurs\"}]},{\"@type\":\"WebSite\",\"@id\":\"https:\\\/\\\/www.11onze.cat\\\/es\\\/#website\",\"url\":\"https:\\\/\\\/www.11onze.cat\\\/es\\\/\",\"name\":\"11Onze\",\"description\":\"Primera comunidad fintech digital en Catalu\u00f1a\",\"publisher\":{\"@id\":\"https:\\\/\\\/www.11onze.cat\\\/es\\\/#organization\"},\"potentialAction\":[{\"@type\":\"SearchAction\",\"target\":{\"@type\":\"EntryPoint\",\"urlTemplate\":\"https:\\\/\\\/www.11onze.cat\\\/es\\\/?s={search_term_string}\"},\"query-input\":{\"@type\":\"PropertyValueSpecification\",\"valueRequired\":true,\"valueName\":\"search_term_string\"}}],\"inLanguage\":\"es\"},{\"@type\":\"Organization\",\"@id\":\"https:\\\/\\\/www.11onze.cat\\\/es\\\/#organization\",\"name\":\"11Onze\",\"url\":\"https:\\\/\\\/www.11onze.cat\\\/es\\\/\",\"logo\":{\"@type\":\"ImageObject\",\"inLanguage\":\"es\",\"@id\":\"https:\\\/\\\/www.11onze.cat\\\/es\\\/#\\\/schema\\\/logo\\\/image\\\/\",\"url\":\"https:\\\/\\\/www.11onze.cat\\\/wp-content\\\/uploads\\\/2021\\\/04\\\/512x512-11Onze.jpg\",\"contentUrl\":\"https:\\\/\\\/www.11onze.cat\\\/wp-content\\\/uploads\\\/2021\\\/04\\\/512x512-11Onze.jpg\",\"width\":512,\"height\":512,\"caption\":\"11Onze\"},\"image\":{\"@id\":\"https:\\\/\\\/www.11onze.cat\\\/es\\\/#\\\/schema\\\/logo\\\/image\\\/\"},\"sameAs\":[\"https:\\\/\\\/www.facebook.com\\\/11OnzeComunitat\",\"https:\\\/\\\/x.com\\\/11OnzeFintech\",\"https:\\\/\\\/www.instagram.com\\\/11onzecat\\\/\",\"https:\\\/\\\/www.linkedin.com\\\/company\\\/11onzebanc\",\"https:\\\/\\\/www.youtube.com\\\/channel\\\/UCz63R8Byd_kBKtK2M4Qf_7w\"]}]}<\/script>\n<!-- \/ Yoast SEO plugin. -->","yoast_head_json":{"title":"Seguros con los valores de 11Onze - 11Onze Segurs","robots":{"index":"index","follow":"follow","max-snippet":"max-snippet:-1","max-image-preview":"max-image-preview:large","max-video-preview":"max-video-preview:-1"},"canonical":"https:\/\/www.11onze.cat\/es\/11onze-segurs\/","og_locale":"es_ES","og_type":"article","og_title":"Seguros con los valores de 11Onze - 11Onze Segurs","og_url":"https:\/\/www.11onze.cat\/es\/11onze-segurs\/","og_site_name":"11Onze","article_publisher":"https:\/\/www.facebook.com\/11OnzeComunitat","article_modified_time":"2024-03-05T10:06:47+00:00","og_image":[{"width":1800,"height":1200,"url":"https:\/\/www.11onze.cat\/wp-content\/uploads\/2022\/11\/HEROIMAGE_SEGURS_ESTALVI.jpg","type":"image\/jpeg"}],"twitter_card":"summary_large_image","twitter_site":"@11OnzeFintech","twitter_misc":{"Tiempo de lectura":"1 minuto"},"schema":{"@context":"https:\/\/schema.org","@graph":[{"@type":"WebPage","@id":"https:\/\/www.11onze.cat\/es\/11onze-segurs\/","url":"https:\/\/www.11onze.cat\/es\/11onze-segurs\/","name":"Seguros con los valores de 11Onze - 11Onze Segurs","isPartOf":{"@id":"https:\/\/www.11onze.cat\/es\/#website"},"primaryImageOfPage":{"@id":"https:\/\/www.11onze.cat\/es\/11onze-segurs\/#primaryimage"},"image":{"@id":"https:\/\/www.11onze.cat\/es\/11onze-segurs\/#primaryimage"},"thumbnailUrl":"https:\/\/www.11onze.cat\/wp-content\/uploads\/2022\/11\/HEROIMAGE_SEGURS_ESTALVI.jpg","datePublished":"2023-05-29T10:18:32+00:00","dateModified":"2024-03-05T10:06:47+00:00","breadcrumb":{"@id":"https:\/\/www.11onze.cat\/es\/11onze-segurs\/#breadcrumb"},"inLanguage":"es","potentialAction":[{"@type":"ReadAction","target":["https:\/\/www.11onze.cat\/es\/11onze-segurs\/"]}]},{"@type":"ImageObject","inLanguage":"es","@id":"https:\/\/www.11onze.cat\/es\/11onze-segurs\/#primaryimage","url":"https:\/\/www.11onze.cat\/wp-content\/uploads\/2022\/11\/HEROIMAGE_SEGURS_ESTALVI.jpg","contentUrl":"https:\/\/www.11onze.cat\/wp-content\/uploads\/2022\/11\/HEROIMAGE_SEGURS_ESTALVI.jpg","width":1800,"height":1200},{"@type":"BreadcrumbList","@id":"https:\/\/www.11onze.cat\/es\/11onze-segurs\/#breadcrumb","itemListElement":[{"@type":"ListItem","position":1,"name":"Home","item":"https:\/\/www.11onze.cat\/es\/"},{"@type":"ListItem","position":2,"name":"11Onze Segurs"}]},{"@type":"WebSite","@id":"https:\/\/www.11onze.cat\/es\/#website","url":"https:\/\/www.11onze.cat\/es\/","name":"11Onze","description":"Primera comunidad fintech digital en Catalu\u00f1a","publisher":{"@id":"https:\/\/www.11onze.cat\/es\/#organization"},"potentialAction":[{"@type":"SearchAction","target":{"@type":"EntryPoint","urlTemplate":"https:\/\/www.11onze.cat\/es\/?s={search_term_string}"},"query-input":{"@type":"PropertyValueSpecification","valueRequired":true,"valueName":"search_term_string"}}],"inLanguage":"es"},{"@type":"Organization","@id":"https:\/\/www.11onze.cat\/es\/#organization","name":"11Onze","url":"https:\/\/www.11onze.cat\/es\/","logo":{"@type":"ImageObject","inLanguage":"es","@id":"https:\/\/www.11onze.cat\/es\/#\/schema\/logo\/image\/","url":"https:\/\/www.11onze.cat\/wp-content\/uploads\/2021\/04\/512x512-11Onze.jpg","contentUrl":"https:\/\/www.11onze.cat\/wp-content\/uploads\/2021\/04\/512x512-11Onze.jpg","width":512,"height":512,"caption":"11Onze"},"image":{"@id":"https:\/\/www.11onze.cat\/es\/#\/schema\/logo\/image\/"},"sameAs":["https:\/\/www.facebook.com\/11OnzeComunitat","https:\/\/x.com\/11OnzeFintech","https:\/\/www.instagram.com\/11onzecat\/","https:\/\/www.linkedin.com\/company\/11onzebanc","https:\/\/www.youtube.com\/channel\/UCz63R8Byd_kBKtK2M4Qf_7w"]}]}},"_links":{"self":[{"href":"https:\/\/www.11onze.cat\/es\/wp-json\/wp\/v2\/pages\/44769","targetHints":{"allow":["GET"]}}],"collection":[{"href":"https:\/\/www.11onze.cat\/es\/wp-json\/wp\/v2\/pages"}],"about":[{"href":"https:\/\/www.11onze.cat\/es\/wp-json\/wp\/v2\/types\/page"}],"author":[{"embeddable":true,"href":"https:\/\/www.11onze.cat\/es\/wp-json\/wp\/v2\/users\/12"}],"replies":[{"embeddable":true,"href":"https:\/\/www.11onze.cat\/es\/wp-json\/wp\/v2\/comments?post=44769"}],"version-history":[{"count":0,"href":"https:\/\/www.11onze.cat\/es\/wp-json\/wp\/v2\/pages\/44769\/revisions"}],"wp:featuredmedia":[{"embeddable":true,"href":"https:\/\/www.11onze.cat\/es\/wp-json\/wp\/v2\/media\/39778"}],"wp:attachment":[{"href":"https:\/\/www.11onze.cat\/es\/wp-json\/wp\/v2\/media?parent=44769"}],"curies":[{"name":"wp","href":"https:\/\/api.w.org\/{rel}","templated":true}]}}