{"id":43592,"date":"2023-03-22T18:53:48","date_gmt":"2023-03-22T17:53:48","guid":{"rendered":"https:\/\/www.11onze.cat\/preciosos-11onze-2\/"},"modified":"2025-05-17T12:24:38","modified_gmt":"2025-05-17T10:24:38","slug":"preciosos-11onze","status":"publish","type":"page","link":"https:\/\/www.11onze.cat\/es\/preciosos-11onze\/","title":{"rendered":"Oro Preciosos 11Onze"},"content":{"rendered":"<div class=\"component text\">\n  <div class=\"container\">\n\n\n    <div class=\"row\">\n      <div class=\"col  col-lg-8  offset-lg-2\">\n        <h3><strong>11Onze ofrece a su comunidad una herramienta para combatir la inflaci\u00f3n y la p\u00e9rdida de poder adquisitivo que la acompa\u00f1a: Preciosos 11Onze.<\/strong><\/h3>\n<p>&nbsp;<\/p>\n<p><strong>Y lo hacemos con el valor refugio por excelencia: \u00a1el oro!<\/strong><\/p>\n<p><span style=\"font-weight: 400;\">Con 11Onze puedes comprar oro de la mejor calidad al mejor precio. \u00bfC\u00f3mo puede ser? Porque somos una comunidad y ayudamos a hacer compras agrupadas.<\/span><\/p>\n<h3><strong>\u2b07\ufe0f Ofrecemos oro en tres formatos:<\/strong><\/h3>\n\n      <\/div>\n    <\/div>\n  <\/div>\n<\/div>\n\n\n\n\n    <div class=\"component feature white\" id=\"feature-block-1\">\n      <div class=\"container\">\n        <div class=\"row\">\n          <div class=\"feature__img col col-12 col-xl-5 offset-xl-1\">\n            <div class=\"feature__img__wrapper\" style=\"background-image: url('https:\/\/www.11onze.cat\/wp-content\/uploads\/2022\/02\/THUMBNAIL_VALOR_METALLS_PRECIOSOS_INVERSIO.jpg');\">\n              <img decoding=\"async\" src=\"https:\/\/www.11onze.cat\/wp-content\/uploads\/2022\/02\/THUMBNAIL_VALOR_METALLS_PRECIOSOS_INVERSIO.jpg\" alt=\"\">\n            <\/div>\n          <\/div>\n          <div class=\"feature__text col col-12 col-xl-5\">\n            <h4><\/h4>\n            <h2>Oro Patrimonio<\/h2>\n            <div class=\"text\">\n              <p><span style=\"font-weight: 400;\">Lingotes desde 2,5 gramos que te enviamos a casa o guardamos en custodia. Una compra a largo plazo, que gana valor con el tiempo.<\/span><\/p>\n\n            <\/div>\n            <a href=\"https:\/\/www.11onze.cat\/es\/oro-patrimonio\/\" class=\"btn btn-primary\" target=\"\"><span>Descubre Oro Patrimonio<\/span><\/a>\n          <\/div>\n        <\/div>\n      <\/div>\n    <\/div>\n\n\n\n\n\n\n    <div class=\"component feature white\" id=\"feature-block-2\">\n      <div class=\"container\">\n        <div class=\"row\">\n          <div class=\"feature__img col col-12 col-xl-5 offset-xl-1\">\n            <div class=\"feature__img__wrapper\" style=\"background-image: url('https:\/\/www.11onze.cat\/wp-content\/uploads\/2023\/03\/VIDEO_IMAGE_OR_LLAVOR.jpg');\">\n              <img decoding=\"async\" src=\"https:\/\/www.11onze.cat\/wp-content\/uploads\/2023\/03\/VIDEO_IMAGE_OR_LLAVOR.jpg\" alt=\"\">\n            <\/div>\n          <\/div>\n          <div class=\"feature__text col col-12 col-xl-5\">\n            <h4><\/h4>\n            <h2>Oro Semilla<\/h2>\n            <div class=\"text\">\n              <p><span style=\"font-weight: 400;\">Oro pensado para que te d\u00e9 ganancias en 12 meses, mediante la compraventa. Lo compras, te lo cuidamos y, despu\u00e9s, te llevas la cosecha.<\/span><\/p>\n\n            <\/div>\n            <a href=\"https:\/\/www.11onze.cat\/es\/oro-semilla\/\" class=\"btn btn-primary\" target=\"\"><span>Descubre Oro Semilla<\/span><\/a>\n          <\/div>\n        <\/div>\n      <\/div>\n    <\/div>\n\n\n\n\n\n\n    <div class=\"component feature white\" id=\"feature-block-3\">\n      <div class=\"container\">\n        <div class=\"row\">\n          <div class=\"feature__img col col-12 col-xl-5 offset-xl-1\">\n            <div class=\"feature__img__wrapper\" style=\"background-image: url('https:\/\/www.11onze.cat\/wp-content\/uploads\/2025\/05\/11ONZE_CARRUSEL_ORigen.jpg');\">\n              <img decoding=\"async\" src=\"https:\/\/www.11onze.cat\/wp-content\/uploads\/2025\/05\/11ONZE_CARRUSEL_ORigen.jpg\" alt=\"\">\n            <\/div>\n          <\/div>\n          <div class=\"feature__text col col-12 col-xl-5\">\n            <h4><\/h4>\n            <h2>ORigen<\/h2>\n            <div class=\"text\">\n              <p><span style=\"font-weight: 400;\">Compra grandes cantidades de oro directamente de minas africanas con la intermediaci\u00f3n y la garant\u00eda de 11Onze. Desde 10 kilos, a toneladas de oro.<\/span><\/p>\n\n            <\/div>\n            <a href=\"https:\/\/serveis.11onze.cat\/es\/11onze-origen\" class=\"btn btn-primary\" target=\"\"><span>Descubre ORigen<\/span><\/a>\n          <\/div>\n        <\/div>\n      <\/div>\n    <\/div>\n\n\n\n\n<div class=\"component gallery\">\n  <div class=\"container\">\n    <div class=\"row\">\n      <div class=\"col col-lg-10 offset-lg-1\">\n        <div id=\"slider_1\" class=\"carousel slide\" data-wrap=\"false\" data-interval=\"false\">\n          <div class=\"carousel-inner\">\n            <div class=\"carousel-item active\">\n              <img decoding=\"async\" class=\"d-block w-100\" src=\"https:\/\/www.11onze.cat\/wp-content\/uploads\/2022\/02\/VIDEO_IMAGE_PRECIOSOS.jpg\" alt=\"\">\n              <div class=\"carousel-caption\">\n                \n              <\/div>\n            <\/div>\n          <\/div>\n        <\/div>\n      <\/div>\n    <\/div>\n  <\/div>\n<\/div>\n\n<div class=\"component text\">\n  <div class=\"container\">\n\n\n    <div class=\"row\">\n      <div class=\"col  col-lg-8  offset-lg-2\">\n        <h2><strong>\ud83d\udc49 \u00bfTe interesa?<\/strong><\/h2>\n<div class=\"c-message_kit__gutter\">\n<div class=\"c-message_kit__gutter__right\" role=\"presentation\" data-qa=\"message_content\">\n<div class=\"c-message_kit__blocks c-message_kit__blocks--rich_text\">\n<div class=\"c-message__message_blocks c-message__message_blocks--rich_text\">\n<div class=\"p-block_kit_renderer\" data-qa=\"block-kit-renderer\">\n<div class=\"p-block_kit_renderer__block_wrapper p-block_kit_renderer__block_wrapper--first\">\n<div class=\"p-rich_text_block\" dir=\"auto\">\n<div class=\"p-rich_text_section\">Rellena el formulario y un agente 11Once especializado se pondr\u00e1 en contacto contigo.<\/div>\n<\/div>\n<\/div>\n<\/div>\n<\/div>\n<\/div>\n<\/div>\n<\/div>\n<p><script charset=\"utf-8\" type=\"text\/javascript\" src=\"\/\/js-eu1.hsforms.net\/forms\/embed\/v2.js\"><\/script><br \/>\n<script>\n  hbspt.forms.create({\n    region: \"eu1\",\n    portalId: \"24960543\",\n    formId: \"ba4baa97-5ad2-4262-9d8d-0cd8766df6c8\"\n  });\n<\/script><\/p>\n\n      <\/div>\n    <\/div>\n  <\/div>\n<\/div>\n","protected":false},"excerpt":{"rendered":"","protected":false},"author":12,"featured_media":0,"parent":0,"menu_order":0,"comment_status":"closed","ping_status":"closed","template":"","meta":{"_acf_changed":true,"content-type":"","footnotes":""},"class_list":["post-43592","page","type-page","status-publish","hentry"],"acf":[],"yoast_head":"<!-- This site is optimized with the Yoast SEO plugin v27.5 - https:\/\/yoast.com\/product\/yoast-seo-wordpress\/ -->\n<title>Preciosos 11Onze - 11Onze<\/title>\n<meta name=\"robots\" content=\"index, follow, max-snippet:-1, max-image-preview:large, max-video-preview:-1\" \/>\n<link rel=\"canonical\" href=\"https:\/\/www.11onze.cat\/es\/preciosos-11onze\/\" \/>\n<meta property=\"og:locale\" content=\"es_ES\" \/>\n<meta property=\"og:type\" content=\"article\" \/>\n<meta property=\"og:title\" content=\"Preciosos 11Onze - 11Onze\" \/>\n<meta property=\"og:url\" content=\"https:\/\/www.11onze.cat\/es\/preciosos-11onze\/\" \/>\n<meta property=\"og:site_name\" content=\"11Onze\" \/>\n<meta property=\"article:publisher\" content=\"https:\/\/www.facebook.com\/11OnzeComunitat\" \/>\n<meta property=\"article:modified_time\" content=\"2025-05-17T10:24:38+00:00\" \/>\n<meta property=\"og:image\" content=\"https:\/\/www.11onze.cat\/wp-content\/uploads\/2021\/04\/Full_Image_11Onze_Retail_App.jpeg\" \/>\n\t<meta property=\"og:image:width\" content=\"1920\" \/>\n\t<meta property=\"og:image:height\" content=\"536\" \/>\n\t<meta property=\"og:image:type\" content=\"image\/jpeg\" \/>\n<meta name=\"twitter:card\" content=\"summary_large_image\" \/>\n<meta name=\"twitter:site\" content=\"@11OnzeFintech\" \/>\n<script type=\"application\/ld+json\" class=\"yoast-schema-graph\">{\"@context\":\"https:\\\/\\\/schema.org\",\"@graph\":[{\"@type\":\"WebPage\",\"@id\":\"https:\\\/\\\/www.11onze.cat\\\/es\\\/preciosos-11onze\\\/\",\"url\":\"https:\\\/\\\/www.11onze.cat\\\/es\\\/preciosos-11onze\\\/\",\"name\":\"Preciosos 11Onze - 11Onze\",\"isPartOf\":{\"@id\":\"https:\\\/\\\/www.11onze.cat\\\/es\\\/#website\"},\"datePublished\":\"2023-03-22T17:53:48+00:00\",\"dateModified\":\"2025-05-17T10:24:38+00:00\",\"breadcrumb\":{\"@id\":\"https:\\\/\\\/www.11onze.cat\\\/es\\\/preciosos-11onze\\\/#breadcrumb\"},\"inLanguage\":\"es\",\"potentialAction\":[{\"@type\":\"ReadAction\",\"target\":[\"https:\\\/\\\/www.11onze.cat\\\/es\\\/preciosos-11onze\\\/\"]}]},{\"@type\":\"BreadcrumbList\",\"@id\":\"https:\\\/\\\/www.11onze.cat\\\/es\\\/preciosos-11onze\\\/#breadcrumb\",\"itemListElement\":[{\"@type\":\"ListItem\",\"position\":1,\"name\":\"Home\",\"item\":\"https:\\\/\\\/www.11onze.cat\\\/es\\\/\"},{\"@type\":\"ListItem\",\"position\":2,\"name\":\"Oro Preciosos 11Onze\"}]},{\"@type\":\"WebSite\",\"@id\":\"https:\\\/\\\/www.11onze.cat\\\/es\\\/#website\",\"url\":\"https:\\\/\\\/www.11onze.cat\\\/es\\\/\",\"name\":\"11Onze\",\"description\":\"Primera comunidad fintech digital en Catalu\u00f1a\",\"publisher\":{\"@id\":\"https:\\\/\\\/www.11onze.cat\\\/es\\\/#organization\"},\"potentialAction\":[{\"@type\":\"SearchAction\",\"target\":{\"@type\":\"EntryPoint\",\"urlTemplate\":\"https:\\\/\\\/www.11onze.cat\\\/es\\\/?s={search_term_string}\"},\"query-input\":{\"@type\":\"PropertyValueSpecification\",\"valueRequired\":true,\"valueName\":\"search_term_string\"}}],\"inLanguage\":\"es\"},{\"@type\":\"Organization\",\"@id\":\"https:\\\/\\\/www.11onze.cat\\\/es\\\/#organization\",\"name\":\"11Onze\",\"url\":\"https:\\\/\\\/www.11onze.cat\\\/es\\\/\",\"logo\":{\"@type\":\"ImageObject\",\"inLanguage\":\"es\",\"@id\":\"https:\\\/\\\/www.11onze.cat\\\/es\\\/#\\\/schema\\\/logo\\\/image\\\/\",\"url\":\"https:\\\/\\\/www.11onze.cat\\\/wp-content\\\/uploads\\\/2021\\\/04\\\/512x512-11Onze.jpg\",\"contentUrl\":\"https:\\\/\\\/www.11onze.cat\\\/wp-content\\\/uploads\\\/2021\\\/04\\\/512x512-11Onze.jpg\",\"width\":512,\"height\":512,\"caption\":\"11Onze\"},\"image\":{\"@id\":\"https:\\\/\\\/www.11onze.cat\\\/es\\\/#\\\/schema\\\/logo\\\/image\\\/\"},\"sameAs\":[\"https:\\\/\\\/www.facebook.com\\\/11OnzeComunitat\",\"https:\\\/\\\/x.com\\\/11OnzeFintech\",\"https:\\\/\\\/www.instagram.com\\\/11onzecat\\\/\",\"https:\\\/\\\/www.linkedin.com\\\/company\\\/11onzebanc\",\"https:\\\/\\\/www.youtube.com\\\/channel\\\/UCz63R8Byd_kBKtK2M4Qf_7w\"]}]}<\/script>\n<!-- \/ Yoast SEO plugin. -->","yoast_head_json":{"title":"Preciosos 11Onze - 11Onze","robots":{"index":"index","follow":"follow","max-snippet":"max-snippet:-1","max-image-preview":"max-image-preview:large","max-video-preview":"max-video-preview:-1"},"canonical":"https:\/\/www.11onze.cat\/es\/preciosos-11onze\/","og_locale":"es_ES","og_type":"article","og_title":"Preciosos 11Onze - 11Onze","og_url":"https:\/\/www.11onze.cat\/es\/preciosos-11onze\/","og_site_name":"11Onze","article_publisher":"https:\/\/www.facebook.com\/11OnzeComunitat","article_modified_time":"2025-05-17T10:24:38+00:00","og_image":[{"width":1920,"height":536,"url":"https:\/\/www.11onze.cat\/wp-content\/uploads\/2021\/04\/Full_Image_11Onze_Retail_App.jpeg","type":"image\/jpeg"}],"twitter_card":"summary_large_image","twitter_site":"@11OnzeFintech","schema":{"@context":"https:\/\/schema.org","@graph":[{"@type":"WebPage","@id":"https:\/\/www.11onze.cat\/es\/preciosos-11onze\/","url":"https:\/\/www.11onze.cat\/es\/preciosos-11onze\/","name":"Preciosos 11Onze - 11Onze","isPartOf":{"@id":"https:\/\/www.11onze.cat\/es\/#website"},"datePublished":"2023-03-22T17:53:48+00:00","dateModified":"2025-05-17T10:24:38+00:00","breadcrumb":{"@id":"https:\/\/www.11onze.cat\/es\/preciosos-11onze\/#breadcrumb"},"inLanguage":"es","potentialAction":[{"@type":"ReadAction","target":["https:\/\/www.11onze.cat\/es\/preciosos-11onze\/"]}]},{"@type":"BreadcrumbList","@id":"https:\/\/www.11onze.cat\/es\/preciosos-11onze\/#breadcrumb","itemListElement":[{"@type":"ListItem","position":1,"name":"Home","item":"https:\/\/www.11onze.cat\/es\/"},{"@type":"ListItem","position":2,"name":"Oro Preciosos 11Onze"}]},{"@type":"WebSite","@id":"https:\/\/www.11onze.cat\/es\/#website","url":"https:\/\/www.11onze.cat\/es\/","name":"11Onze","description":"Primera comunidad fintech digital en Catalu\u00f1a","publisher":{"@id":"https:\/\/www.11onze.cat\/es\/#organization"},"potentialAction":[{"@type":"SearchAction","target":{"@type":"EntryPoint","urlTemplate":"https:\/\/www.11onze.cat\/es\/?s={search_term_string}"},"query-input":{"@type":"PropertyValueSpecification","valueRequired":true,"valueName":"search_term_string"}}],"inLanguage":"es"},{"@type":"Organization","@id":"https:\/\/www.11onze.cat\/es\/#organization","name":"11Onze","url":"https:\/\/www.11onze.cat\/es\/","logo":{"@type":"ImageObject","inLanguage":"es","@id":"https:\/\/www.11onze.cat\/es\/#\/schema\/logo\/image\/","url":"https:\/\/www.11onze.cat\/wp-content\/uploads\/2021\/04\/512x512-11Onze.jpg","contentUrl":"https:\/\/www.11onze.cat\/wp-content\/uploads\/2021\/04\/512x512-11Onze.jpg","width":512,"height":512,"caption":"11Onze"},"image":{"@id":"https:\/\/www.11onze.cat\/es\/#\/schema\/logo\/image\/"},"sameAs":["https:\/\/www.facebook.com\/11OnzeComunitat","https:\/\/x.com\/11OnzeFintech","https:\/\/www.instagram.com\/11onzecat\/","https:\/\/www.linkedin.com\/company\/11onzebanc","https:\/\/www.youtube.com\/channel\/UCz63R8Byd_kBKtK2M4Qf_7w"]}]}},"_links":{"self":[{"href":"https:\/\/www.11onze.cat\/es\/wp-json\/wp\/v2\/pages\/43592","targetHints":{"allow":["GET"]}}],"collection":[{"href":"https:\/\/www.11onze.cat\/es\/wp-json\/wp\/v2\/pages"}],"about":[{"href":"https:\/\/www.11onze.cat\/es\/wp-json\/wp\/v2\/types\/page"}],"author":[{"embeddable":true,"href":"https:\/\/www.11onze.cat\/es\/wp-json\/wp\/v2\/users\/12"}],"replies":[{"embeddable":true,"href":"https:\/\/www.11onze.cat\/es\/wp-json\/wp\/v2\/comments?post=43592"}],"version-history":[{"count":0,"href":"https:\/\/www.11onze.cat\/es\/wp-json\/wp\/v2\/pages\/43592\/revisions"}],"wp:attachment":[{"href":"https:\/\/www.11onze.cat\/es\/wp-json\/wp\/v2\/media?parent=43592"}],"curies":[{"name":"wp","href":"https:\/\/api.w.org\/{rel}","templated":true}]}}