{"id":38742,"date":"2022-10-24T17:09:06","date_gmt":"2022-10-24T15:09:06","guid":{"rendered":"https:\/\/www.11onze.cat\/?page_id=38742"},"modified":"2022-10-28T12:52:01","modified_gmt":"2022-10-28T10:52:01","slug":"el-diner-conversio-monetaria","status":"publish","type":"page","link":"https:\/\/www.11onze.cat\/es\/el-diner-conversio-monetaria\/","title":{"rendered":"Fitxa 03 &#8211; La conversi\u00f3 monet\u00e0ria"},"content":{"rendered":"<div class=\"component text\">\n  <div class=\"container\">\n\n\n    <div class=\"row\">\n      <div class=\"col  col-lg-8  offset-lg-2\">\n        <h2><span data-sheets-value=\"{&quot;1&quot;:2,&quot;2&quot;:&quot;PUNT D'INICI&quot;}\" data-sheets-userformat=\"{&quot;2&quot;:16963,&quot;3&quot;:{&quot;1&quot;:0},&quot;4&quot;:{&quot;1&quot;:2,&quot;2&quot;:13421772},&quot;9&quot;:2,&quot;12&quot;:0,&quot;17&quot;:1}\">\u27a1\ufe0f SINOPSI<\/span><\/h2>\n<p>Com es converteix la moneda escriptural en moneda central? Qui garanteix el canvi d\u2019una moneda a l\u2019altra? En aquest episodi d\u2019El Diner coneixerem com les unitats de compte del compte corrent es poden compartir en moneda f\u00edsica.<\/p>\n<p>&nbsp;<\/p>\n<h2><span data-sheets-value=\"{&quot;1&quot;:2,&quot;2&quot;:&quot;PUNT D'INICI&quot;}\" data-sheets-userformat=\"{&quot;2&quot;:16963,&quot;3&quot;:{&quot;1&quot;:0},&quot;4&quot;:{&quot;1&quot;:2,&quot;2&quot;:13421772},&quot;9&quot;:2,&quot;12&quot;:0,&quot;17&quot;:1}\"><img decoding=\"async\" class=\"emoji\" role=\"img\" draggable=\"false\" src=\"https:\/\/s.w.org\/images\/core\/emoji\/14.0.0\/svg\/27a1.svg\" alt=\"\u27a1\ufe0f\" \/>\u00a0PUNT D\u2019INICI<\/span><\/h2>\n<p><span data-sheets-value=\"{&quot;1&quot;:2,&quot;2&quot;:&quot;Reproducci\u00f3 del v\u00eddeo Episodi 03 [5:56] de la s\u00e8rie El Diner &quot;}\" data-sheets-userformat=\"{&quot;2&quot;:581,&quot;3&quot;:{&quot;1&quot;:0},&quot;5&quot;:{&quot;1&quot;:[{&quot;1&quot;:2,&quot;2&quot;:0,&quot;5&quot;:{&quot;1&quot;:2,&quot;2&quot;:0}},{&quot;1&quot;:0,&quot;2&quot;:0,&quot;3&quot;:3},{&quot;1&quot;:1,&quot;2&quot;:0,&quot;4&quot;:1}]},&quot;9&quot;:0,&quot;12&quot;:0}\" data-sheets-textstyleruns=\"{&quot;1&quot;:0}\uee10{&quot;1&quot;:22,&quot;2&quot;:{&quot;5&quot;:1}}\uee10{&quot;1&quot;:32}\uee10{&quot;1&quot;:52,&quot;2&quot;:{&quot;5&quot;:1}}\">Reproducci\u00f3 del v\u00eddeo <strong>Episodi 03 [5:56]<\/strong> de la s\u00e8rie El Diner <\/span><\/p>\n\n      <\/div>\n    <\/div>\n  <\/div>\n<\/div>\n\n\n<div class=\"component gallery\">\n  <div class=\"container\">\n    <div class=\"row\">\n      <div class=\"col col-lg-10 offset-lg-1\">\n        <div id=\"slider\" class=\"carousel slide\">\n          <div class=\"carousel-inner\">\n            <div class=\"carousel-item active video-player inline-player\" data-video-id=\"6253664078001\">\n              <img decoding=\"async\" class=\"d-block w-100\" src=\"https:\/\/www.11onze.cat\/wp-content\/uploads\/2022\/10\/VISUAL-VIDEO-CAPITOL3-ELDINER.jpg\" alt=\"\">\n              <button type=\"button\" class=\"play\"><\/button>\n              <div class=\"carousel-caption\">\n                <p><\/p>\n              <\/div>\n            <\/div>\n          <\/div>\n        <\/div>\n      <\/div>\n    <\/div>\n  <\/div>\n<\/div>\n\n<div class=\"component text\">\n  <div class=\"container\">\n\n\n    <div class=\"row\">\n      <div class=\"col  col-lg-8  offset-lg-2\">\n        <h2><strong><img decoding=\"async\" class=\"emoji\" role=\"img\" draggable=\"false\" src=\"https:\/\/s.w.org\/images\/core\/emoji\/14.0.0\/svg\/27a1.svg\" alt=\"\u27a1\ufe0f\" \/>\u00a0CONCEPTES CLAUS<\/strong><\/h2>\n<ul>\n<li><strong>Qu\u00e8 fa el banc amb els nostres diners?<\/strong>\n<ul>\n<li>Els apunta com a deute<\/li>\n<li>Stock com a moneda central<\/li>\n<\/ul>\n<\/li>\n<li><strong>Unitat de comptes<\/strong>\n<ul>\n<li>Poden ser en les monedes que es vulgui: cada pa\u00eds utilitza una (\u20ac, $, Yen)<\/li>\n<li><span data-sheets-value=\"{&quot;1&quot;:2,&quot;2&quot;:&quot;Monedes escriptural o secund\u00e0ria&quot;}\" data-sheets-userformat=\"{&quot;2&quot;:641,&quot;3&quot;:{&quot;1&quot;:0},&quot;10&quot;:1,&quot;12&quot;:0}\">Monedes escriptural o secund\u00e0ria: recolzada per un Banc privat<\/span><\/li>\n<li><span data-sheets-value=\"{&quot;1&quot;:2,&quot;2&quot;:&quot;Promesa de reemborsament&quot;}\" data-sheets-userformat=\"{&quot;2&quot;:705,&quot;3&quot;:{&quot;1&quot;:0},&quot;9&quot;:0,&quot;10&quot;:1,&quot;12&quot;:0}\">Promesa de reemborsament<\/span><\/li>\n<\/ul>\n<\/li>\n<li><strong>Transfer\u00e8ncies intrabanc\u00e0ria: <\/strong>Mec\u00e0nica<\/li>\n<li><strong>Base monet\u00e0ria: <\/strong>Moneda central i escriptural<\/li>\n<\/ul>\n<h2><strong><img decoding=\"async\" class=\"emoji\" role=\"img\" draggable=\"false\" src=\"https:\/\/s.w.org\/images\/core\/emoji\/14.0.0\/svg\/27a1.svg\" alt=\"\u27a1\ufe0f\" \/>\u00a0GAMIFICACI\u00d3<\/strong><\/h2>\n<p><span data-sheets-value=\"{&quot;1&quot;:2,&quot;2&quot;:&quot;El joc de les PISTES DELS PERSONATGES (Conceptes) per aplicar i consolidar el concepte de cr\u00e8dit entre els alumnes.&quot;}\" data-sheets-userformat=\"{&quot;2&quot;:897,&quot;3&quot;:{&quot;1&quot;:0},&quot;10&quot;:1,&quot;11&quot;:4,&quot;12&quot;:0}\" data-sheets-textstyleruns=\"{&quot;1&quot;:0}\uee10{&quot;1&quot;:14,&quot;2&quot;:{&quot;5&quot;:1}}\uee10{&quot;1&quot;:49}\">El joc de les <strong>PISTES DELS PERSONATGES<\/strong> (Conceptes) per aplicar i consolidar el concepte de cr\u00e8dit entre els alumnes.<\/span><\/p>\n<div>\n<div class=\"embed-responsive embed-responsive-16by9\"><iframe class=\"embed-responsive-item\" src=\"https:\/\/view.genial.ly\/633c32b8cd2b5e001277145d\" allowfullscreen=\"allowfullscreen\"><\/iframe><\/div>\n<\/div>\n<\/div>\n\n      <\/div>\n    <\/div>\n  <\/div>\n<\/div>\n\n\n<div class=\"component text\">\n  <div class=\"container\">\n\n\n    <div class=\"row\">\n      <div class=\"col  col-lg-8  offset-lg-2\">\n        <p><a href=\"https:\/\/www.11onze.cat\/es\/11onze-escola\/\"><strong>&lt; Tornar a 11Onze Escola<\/strong><\/a><\/p>\n\n      <\/div>\n    <\/div>\n  <\/div>\n<\/div>\n","protected":false},"excerpt":{"rendered":"","protected":false},"author":12,"featured_media":38749,"parent":0,"menu_order":0,"comment_status":"closed","ping_status":"closed","template":"","meta":{"_acf_changed":false,"content-type":"","footnotes":""},"class_list":["post-38742","page","type-page","status-publish","has-post-thumbnail","hentry"],"acf":[],"yoast_head":"<!-- This site is optimized with the Yoast SEO plugin v27.5 - https:\/\/yoast.com\/product\/yoast-seo-wordpress\/ -->\n<title>Fitxa 03 - La conversi\u00f3 monet\u00e0ria - 11Onze<\/title>\n<meta name=\"robots\" content=\"index, follow, max-snippet:-1, max-image-preview:large, max-video-preview:-1\" \/>\n<link rel=\"canonical\" href=\"https:\/\/www.11onze.cat\/es\/el-diner-conversio-monetaria\/\" \/>\n<meta property=\"og:locale\" content=\"es_ES\" \/>\n<meta property=\"og:type\" content=\"article\" \/>\n<meta property=\"og:title\" content=\"Fitxa 03 - La conversi\u00f3 monet\u00e0ria - 11Onze\" \/>\n<meta property=\"og:url\" content=\"https:\/\/www.11onze.cat\/es\/el-diner-conversio-monetaria\/\" \/>\n<meta property=\"og:site_name\" content=\"11Onze\" \/>\n<meta property=\"article:publisher\" content=\"https:\/\/www.facebook.com\/11OnzeComunitat\" \/>\n<meta property=\"article:modified_time\" content=\"2022-10-28T10:52:01+00:00\" \/>\n<meta property=\"og:image\" content=\"https:\/\/www.11onze.cat\/wp-content\/uploads\/2022\/10\/VISUAL-VIDEO-CAPITOL3-ELDINER.jpg\" \/>\n\t<meta property=\"og:image:width\" content=\"1500\" \/>\n\t<meta property=\"og:image:height\" content=\"605\" \/>\n\t<meta property=\"og:image:type\" content=\"image\/jpeg\" \/>\n<meta name=\"twitter:card\" content=\"summary_large_image\" \/>\n<meta name=\"twitter:site\" content=\"@11OnzeFintech\" \/>\n<script type=\"application\/ld+json\" class=\"yoast-schema-graph\">{\"@context\":\"https:\\\/\\\/schema.org\",\"@graph\":[{\"@type\":\"WebPage\",\"@id\":\"https:\\\/\\\/www.11onze.cat\\\/es\\\/el-diner-conversio-monetaria\\\/\",\"url\":\"https:\\\/\\\/www.11onze.cat\\\/es\\\/el-diner-conversio-monetaria\\\/\",\"name\":\"Fitxa 03 - La conversi\u00f3 monet\u00e0ria - 11Onze\",\"isPartOf\":{\"@id\":\"https:\\\/\\\/www.11onze.cat\\\/es\\\/#website\"},\"primaryImageOfPage\":{\"@id\":\"https:\\\/\\\/www.11onze.cat\\\/es\\\/el-diner-conversio-monetaria\\\/#primaryimage\"},\"image\":{\"@id\":\"https:\\\/\\\/www.11onze.cat\\\/es\\\/el-diner-conversio-monetaria\\\/#primaryimage\"},\"thumbnailUrl\":\"https:\\\/\\\/www.11onze.cat\\\/wp-content\\\/uploads\\\/2022\\\/10\\\/VISUAL-VIDEO-CAPITOL3-ELDINER.jpg\",\"datePublished\":\"2022-10-24T15:09:06+00:00\",\"dateModified\":\"2022-10-28T10:52:01+00:00\",\"breadcrumb\":{\"@id\":\"https:\\\/\\\/www.11onze.cat\\\/es\\\/el-diner-conversio-monetaria\\\/#breadcrumb\"},\"inLanguage\":\"es\",\"potentialAction\":[{\"@type\":\"ReadAction\",\"target\":[\"https:\\\/\\\/www.11onze.cat\\\/es\\\/el-diner-conversio-monetaria\\\/\"]}]},{\"@type\":\"ImageObject\",\"inLanguage\":\"es\",\"@id\":\"https:\\\/\\\/www.11onze.cat\\\/es\\\/el-diner-conversio-monetaria\\\/#primaryimage\",\"url\":\"https:\\\/\\\/www.11onze.cat\\\/wp-content\\\/uploads\\\/2022\\\/10\\\/VISUAL-VIDEO-CAPITOL3-ELDINER.jpg\",\"contentUrl\":\"https:\\\/\\\/www.11onze.cat\\\/wp-content\\\/uploads\\\/2022\\\/10\\\/VISUAL-VIDEO-CAPITOL3-ELDINER.jpg\",\"width\":1500,\"height\":605},{\"@type\":\"BreadcrumbList\",\"@id\":\"https:\\\/\\\/www.11onze.cat\\\/es\\\/el-diner-conversio-monetaria\\\/#breadcrumb\",\"itemListElement\":[{\"@type\":\"ListItem\",\"position\":1,\"name\":\"Home\",\"item\":\"https:\\\/\\\/www.11onze.cat\\\/es\\\/\"},{\"@type\":\"ListItem\",\"position\":2,\"name\":\"Fitxa 03 &#8211; La conversi\u00f3 monet\u00e0ria\"}]},{\"@type\":\"WebSite\",\"@id\":\"https:\\\/\\\/www.11onze.cat\\\/es\\\/#website\",\"url\":\"https:\\\/\\\/www.11onze.cat\\\/es\\\/\",\"name\":\"11Onze\",\"description\":\"Primera comunidad fintech digital en Catalu\u00f1a\",\"publisher\":{\"@id\":\"https:\\\/\\\/www.11onze.cat\\\/es\\\/#organization\"},\"potentialAction\":[{\"@type\":\"SearchAction\",\"target\":{\"@type\":\"EntryPoint\",\"urlTemplate\":\"https:\\\/\\\/www.11onze.cat\\\/es\\\/?s={search_term_string}\"},\"query-input\":{\"@type\":\"PropertyValueSpecification\",\"valueRequired\":true,\"valueName\":\"search_term_string\"}}],\"inLanguage\":\"es\"},{\"@type\":\"Organization\",\"@id\":\"https:\\\/\\\/www.11onze.cat\\\/es\\\/#organization\",\"name\":\"11Onze\",\"url\":\"https:\\\/\\\/www.11onze.cat\\\/es\\\/\",\"logo\":{\"@type\":\"ImageObject\",\"inLanguage\":\"es\",\"@id\":\"https:\\\/\\\/www.11onze.cat\\\/es\\\/#\\\/schema\\\/logo\\\/image\\\/\",\"url\":\"https:\\\/\\\/www.11onze.cat\\\/wp-content\\\/uploads\\\/2021\\\/04\\\/512x512-11Onze.jpg\",\"contentUrl\":\"https:\\\/\\\/www.11onze.cat\\\/wp-content\\\/uploads\\\/2021\\\/04\\\/512x512-11Onze.jpg\",\"width\":512,\"height\":512,\"caption\":\"11Onze\"},\"image\":{\"@id\":\"https:\\\/\\\/www.11onze.cat\\\/es\\\/#\\\/schema\\\/logo\\\/image\\\/\"},\"sameAs\":[\"https:\\\/\\\/www.facebook.com\\\/11OnzeComunitat\",\"https:\\\/\\\/x.com\\\/11OnzeFintech\",\"https:\\\/\\\/www.instagram.com\\\/11onzecat\\\/\",\"https:\\\/\\\/www.linkedin.com\\\/company\\\/11onzebanc\",\"https:\\\/\\\/www.youtube.com\\\/channel\\\/UCz63R8Byd_kBKtK2M4Qf_7w\"]}]}<\/script>\n<!-- \/ Yoast SEO plugin. -->","yoast_head_json":{"title":"Fitxa 03 - La conversi\u00f3 monet\u00e0ria - 11Onze","robots":{"index":"index","follow":"follow","max-snippet":"max-snippet:-1","max-image-preview":"max-image-preview:large","max-video-preview":"max-video-preview:-1"},"canonical":"https:\/\/www.11onze.cat\/es\/el-diner-conversio-monetaria\/","og_locale":"es_ES","og_type":"article","og_title":"Fitxa 03 - La conversi\u00f3 monet\u00e0ria - 11Onze","og_url":"https:\/\/www.11onze.cat\/es\/el-diner-conversio-monetaria\/","og_site_name":"11Onze","article_publisher":"https:\/\/www.facebook.com\/11OnzeComunitat","article_modified_time":"2022-10-28T10:52:01+00:00","og_image":[{"width":1500,"height":605,"url":"https:\/\/www.11onze.cat\/wp-content\/uploads\/2022\/10\/VISUAL-VIDEO-CAPITOL3-ELDINER.jpg","type":"image\/jpeg"}],"twitter_card":"summary_large_image","twitter_site":"@11OnzeFintech","schema":{"@context":"https:\/\/schema.org","@graph":[{"@type":"WebPage","@id":"https:\/\/www.11onze.cat\/es\/el-diner-conversio-monetaria\/","url":"https:\/\/www.11onze.cat\/es\/el-diner-conversio-monetaria\/","name":"Fitxa 03 - La conversi\u00f3 monet\u00e0ria - 11Onze","isPartOf":{"@id":"https:\/\/www.11onze.cat\/es\/#website"},"primaryImageOfPage":{"@id":"https:\/\/www.11onze.cat\/es\/el-diner-conversio-monetaria\/#primaryimage"},"image":{"@id":"https:\/\/www.11onze.cat\/es\/el-diner-conversio-monetaria\/#primaryimage"},"thumbnailUrl":"https:\/\/www.11onze.cat\/wp-content\/uploads\/2022\/10\/VISUAL-VIDEO-CAPITOL3-ELDINER.jpg","datePublished":"2022-10-24T15:09:06+00:00","dateModified":"2022-10-28T10:52:01+00:00","breadcrumb":{"@id":"https:\/\/www.11onze.cat\/es\/el-diner-conversio-monetaria\/#breadcrumb"},"inLanguage":"es","potentialAction":[{"@type":"ReadAction","target":["https:\/\/www.11onze.cat\/es\/el-diner-conversio-monetaria\/"]}]},{"@type":"ImageObject","inLanguage":"es","@id":"https:\/\/www.11onze.cat\/es\/el-diner-conversio-monetaria\/#primaryimage","url":"https:\/\/www.11onze.cat\/wp-content\/uploads\/2022\/10\/VISUAL-VIDEO-CAPITOL3-ELDINER.jpg","contentUrl":"https:\/\/www.11onze.cat\/wp-content\/uploads\/2022\/10\/VISUAL-VIDEO-CAPITOL3-ELDINER.jpg","width":1500,"height":605},{"@type":"BreadcrumbList","@id":"https:\/\/www.11onze.cat\/es\/el-diner-conversio-monetaria\/#breadcrumb","itemListElement":[{"@type":"ListItem","position":1,"name":"Home","item":"https:\/\/www.11onze.cat\/es\/"},{"@type":"ListItem","position":2,"name":"Fitxa 03 &#8211; La conversi\u00f3 monet\u00e0ria"}]},{"@type":"WebSite","@id":"https:\/\/www.11onze.cat\/es\/#website","url":"https:\/\/www.11onze.cat\/es\/","name":"11Onze","description":"Primera comunidad fintech digital en Catalu\u00f1a","publisher":{"@id":"https:\/\/www.11onze.cat\/es\/#organization"},"potentialAction":[{"@type":"SearchAction","target":{"@type":"EntryPoint","urlTemplate":"https:\/\/www.11onze.cat\/es\/?s={search_term_string}"},"query-input":{"@type":"PropertyValueSpecification","valueRequired":true,"valueName":"search_term_string"}}],"inLanguage":"es"},{"@type":"Organization","@id":"https:\/\/www.11onze.cat\/es\/#organization","name":"11Onze","url":"https:\/\/www.11onze.cat\/es\/","logo":{"@type":"ImageObject","inLanguage":"es","@id":"https:\/\/www.11onze.cat\/es\/#\/schema\/logo\/image\/","url":"https:\/\/www.11onze.cat\/wp-content\/uploads\/2021\/04\/512x512-11Onze.jpg","contentUrl":"https:\/\/www.11onze.cat\/wp-content\/uploads\/2021\/04\/512x512-11Onze.jpg","width":512,"height":512,"caption":"11Onze"},"image":{"@id":"https:\/\/www.11onze.cat\/es\/#\/schema\/logo\/image\/"},"sameAs":["https:\/\/www.facebook.com\/11OnzeComunitat","https:\/\/x.com\/11OnzeFintech","https:\/\/www.instagram.com\/11onzecat\/","https:\/\/www.linkedin.com\/company\/11onzebanc","https:\/\/www.youtube.com\/channel\/UCz63R8Byd_kBKtK2M4Qf_7w"]}]}},"_links":{"self":[{"href":"https:\/\/www.11onze.cat\/es\/wp-json\/wp\/v2\/pages\/38742","targetHints":{"allow":["GET"]}}],"collection":[{"href":"https:\/\/www.11onze.cat\/es\/wp-json\/wp\/v2\/pages"}],"about":[{"href":"https:\/\/www.11onze.cat\/es\/wp-json\/wp\/v2\/types\/page"}],"author":[{"embeddable":true,"href":"https:\/\/www.11onze.cat\/es\/wp-json\/wp\/v2\/users\/12"}],"replies":[{"embeddable":true,"href":"https:\/\/www.11onze.cat\/es\/wp-json\/wp\/v2\/comments?post=38742"}],"version-history":[{"count":0,"href":"https:\/\/www.11onze.cat\/es\/wp-json\/wp\/v2\/pages\/38742\/revisions"}],"wp:featuredmedia":[{"embeddable":true,"href":"https:\/\/www.11onze.cat\/es\/wp-json\/wp\/v2\/media\/38749"}],"wp:attachment":[{"href":"https:\/\/www.11onze.cat\/es\/wp-json\/wp\/v2\/media?parent=38742"}],"curies":[{"name":"wp","href":"https:\/\/api.w.org\/{rel}","templated":true}]}}