{"id":34036,"date":"2022-06-29T11:32:16","date_gmt":"2022-06-29T09:32:16","guid":{"rendered":"https:\/\/www.11onze.cat\/?page_id=34036"},"modified":"2025-04-22T13:14:40","modified_gmt":"2025-04-22T11:14:40","slug":"11onze-escola","status":"publish","type":"page","link":"https:\/\/www.11onze.cat\/es\/11onze-escola\/","title":{"rendered":"11Onze Escola"},"content":{"rendered":"<div class=\"component text\">\n  <div class=\"container\">\n\n\n    <div class=\"row\">\n      <div class=\"col  col-lg-8  offset-lg-2\">\n        <h3><strong>T\u2019agradi o no, el diner \u00e9s al centre de la nostra vida des de fa segles. En depenen el teu present i el teu futur. La realitat, per\u00f2, \u00e9s que gran part de la poblaci\u00f3 no compr\u00e8n conceptes financers b\u00e0sics. I aix\u00f2, les deixa desprotegides.\u00a0<\/strong><\/h3>\n<p><!-- end HubSpot Call-to-Action Code --><br \/>\n<span style=\"font-weight: 400;\">11Onze Escola \u00e9s un projecte d\u2019educaci\u00f3 financera per als m\u00e9s joves. L&#8217;objectiu \u00e9s <\/span><span style=\"font-weight: 400;\">apropar la realitat i el futur de les finances a un terreny comprensible per a tothom. Aix\u00ed, donem eines a les noves generacions perqu\u00e8 siguin responsables de la gesti\u00f3 de les seves pr\u00f2pies finances.<\/span><\/p>\n<p>&nbsp;<\/p>\n<h1><b>\ud83d\udcda Apr\u00e8n, juga, treballa a classe!<\/b><\/h1>\n<p><b>\u27a1\ufe0f Continguts clau<\/b><span style=\"font-weight: 400;\"> per entendre la nova economia.<br \/>\nA m\u00e9s, ho acompanyem amb guies did\u00e0ctiques perqu\u00e8 pogueu treballar a classe. Tot en obert.<\/span><\/p>\n\n      <\/div>\n    <\/div>\n  <\/div>\n<\/div>\n\n\n<div class=\"component cards\">\n  <div class=\"container\">\n    <div class=\"row\">\n      <div class=\"col col-xl-8 offset-xl-2\">\n        <div class=\"cards__wrapper\">\n          <div class=\"card\">\n            <a href=\"https:\/\/www.11onze.cat\/es\/el-diner-doble-moneda\/\" class=\"card-link\" target=\"_self\"><\/a>\n            <div class=\"card-img\">\n              <img decoding=\"async\" src=\"https:\/\/www.11onze.cat\/wp-content\/uploads\/2022\/10\/VISUAL-VIDEO-CAPITOL1-ELDINER-1-800x323.jpg\" class=\"card-img-top\" alt=\"\">\n            <\/div>\n            <div class=\"card-body\">\n              <p class=\"card-title p2\"><strong>Fitxa 01 &#8211; La doble moneda<\/strong><\/p>\n              <span class=\"card-time\">1min lectura<\/span>\n              <p class=\"card-text small\">Qui crea els diners? D\u2019on surten? Els diners els creen els estats, els treballadors&#8230;<\/p>\n            <\/div>\n          <\/div>\n\n\n          <div class=\"card\">\n            <a href=\"https:\/\/www.11onze.cat\/es\/el-diner-historia-moneda\/\" class=\"card-link\" target=\"_self\"><\/a>\n            <div class=\"card-img\">\n              <img decoding=\"async\" src=\"https:\/\/www.11onze.cat\/wp-content\/uploads\/2022\/10\/VISUAL-VIDEO-CAPITOL2-ELDINER-800x323.jpg\" class=\"card-img-top\" alt=\"\">\n            <\/div>\n            <div class=\"card-body\">\n              <p class=\"card-title p2\"><strong>Fitxa 02 &#8211; Hist\u00f2ria de la moneda<\/strong><\/p>\n              <span class=\"card-time\">1min lectura<\/span>\n              <p class=\"card-text small\">La moneda va apar\u00e8ixer per substituir el mercat de troc? O tenia un altre&#8230;<\/p>\n            <\/div>\n          <\/div>\n\n\n          <div class=\"card\">\n            <a href=\"https:\/\/www.11onze.cat\/es\/el-diner-conversio-monetaria\/\" class=\"card-link\" target=\"_self\"><\/a>\n            <div class=\"card-img\">\n              <img decoding=\"async\" src=\"https:\/\/www.11onze.cat\/wp-content\/uploads\/2022\/10\/VISUAL-VIDEO-CAPITOL3-ELDINER-800x323.jpg\" class=\"card-img-top\" alt=\"\">\n            <\/div>\n            <div class=\"card-body\">\n              <p class=\"card-title p2\"><strong>Fitxa 03 &#8211; La conversi\u00f3 monet\u00e0ria<\/strong><\/p>\n              <span class=\"card-time\">1min lectura<\/span>\n              <p class=\"card-text small\">Com es converteix la moneda escriptural en moneda central? Qui garanteix&#8230;<\/p>\n            <\/div>\n          <\/div>\n\n              <\/div>\n              <br>\n              <br>\n              <div class=\"cards__wrapper\">\n\n        <\/div>\n      <\/div>\n    <\/div>\n  <\/div>\n<\/div>\n\n<div class=\"component text\">\n  <div class=\"container\">\n\n\n    <div class=\"row\">\n      <div class=\"col  col-lg-8  offset-lg-2\">\n        <p><span style=\"font-weight: 400;\"><strong>\u27a1\ufe0f Vols posar a prova els teus coneixements jugant?<\/strong><br \/>\nAqu\u00ed et compartirem jocs produ\u00efts per l\u2019equip d\u201911Onze perqu\u00e8 testegis el teu nivell financer.<\/span><\/p>\n\n      <\/div>\n    <\/div>\n  <\/div>\n<\/div>\n\n\n<div class=\"component cards\">\n  <div class=\"container\">\n    <div class=\"row\">\n      <div class=\"col col-xl-8 offset-xl-2\">\n        <div class=\"cards__wrapper\">\n          <div class=\"card\">\n            <a href=\"https:\/\/www.11onze.cat\/es\/questionari-sector-serveis-financers\/\" class=\"card-link\" target=\"_self\"><\/a>\n            <div class=\"card-img\">\n              <img decoding=\"async\" src=\"https:\/\/www.11onze.cat\/wp-content\/uploads\/2022\/10\/HERO-TEST-01-ESCOLA-800x287.jpg\" class=\"card-img-top\" alt=\"\">\n            <\/div>\n            <div class=\"card-body\">\n              <p class=\"card-title p2\"><strong>El sector dels serveis financers<\/strong><\/p>\n              <span class=\"card-time\">1min lectura<\/span>\n              <p class=\"card-text small\">  <\/p>\n            <\/div>\n          <\/div>\n\n\n          <div class=\"card\">\n            <a href=\"https:\/\/www.11onze.cat\/es\/questionari-entorn-economic\/\" class=\"card-link\" target=\"_self\"><\/a>\n            <div class=\"card-img\">\n              <img decoding=\"async\" src=\"https:\/\/www.11onze.cat\/wp-content\/uploads\/2022\/10\/THUMB-TEST-2-ESCOLA-800x552.jpg\" class=\"card-img-top\" alt=\"\">\n            <\/div>\n            <div class=\"card-body\">\n              <p class=\"card-title p2\"><strong>L&#8217;entorn econ\u00f2mic<\/strong><\/p>\n              <span class=\"card-time\">1min lectura<\/span>\n              <p class=\"card-text small\"><\/p>\n            <\/div>\n          <\/div>\n\n\n          <div class=\"card\">\n            <a href=\"https:\/\/www.11onze.cat\/es\/questionari-actius-mercats-financers\/\" class=\"card-link\" target=\"_self\"><\/a>\n            <div class=\"card-img\">\n              <img decoding=\"async\" src=\"https:\/\/www.11onze.cat\/wp-content\/uploads\/2022\/10\/HERO-TEST-03-ESCOLA-800x298.jpg\" class=\"card-img-top\" alt=\"\">\n            <\/div>\n            <div class=\"card-body\">\n              <p class=\"card-title p2\"><strong>Actius i mercats financers<\/strong><\/p>\n              <span class=\"card-time\">1min lectura<\/span>\n              <p class=\"card-text small\"><\/p>\n            <\/div>\n          <\/div>\n\n              <\/div>\n              <br>\n              <br>\n              <div class=\"cards__wrapper\">\n\n        <\/div>\n      <\/div>\n    <\/div>\n  <\/div>\n<\/div>\n\n<div class=\"component gallery\">\n  <div class=\"container\">\n    <div class=\"row\">\n      <div class=\"col col-lg-10 offset-lg-1\">\n        <div id=\"slider_1\" class=\"carousel slide\" data-wrap=\"false\" data-interval=\"false\">\n          <div class=\"carousel-inner\">\n            <div class=\"carousel-item active\">\n              <img decoding=\"async\" class=\"d-block w-100\" src=\"https:\/\/www.11onze.cat\/wp-content\/uploads\/2022\/10\/11ONZE_ESCOLA_VISUALS_LANDING_01.jpg\" alt=\"\">\n              <div class=\"carousel-caption\">\n                \n              <\/div>\n            <\/div>\n            <div class=\"carousel-item \">\n              <img decoding=\"async\" class=\"d-block w-100\" src=\"https:\/\/www.11onze.cat\/wp-content\/uploads\/2022\/10\/11ONZE_ESCOLA_VISUALS_LANDING_02.jpg\" alt=\"\">\n              <div class=\"carousel-caption\">\n                \n              <\/div>\n            <\/div>\n            <div class=\"carousel-item \">\n              <img decoding=\"async\" class=\"d-block w-100\" src=\"https:\/\/www.11onze.cat\/wp-content\/uploads\/2022\/10\/11ONZE_ESCOLA_VISUALS_LANDING_03.jpg\" alt=\"\">\n              <div class=\"carousel-caption\">\n                \n              <\/div>\n            <\/div>\n            <div class=\"carousel-item \">\n              <img decoding=\"async\" class=\"d-block w-100\" src=\"https:\/\/www.11onze.cat\/wp-content\/uploads\/2022\/10\/11ONZE_ESCOLA_VISUALS_LANDING_04.jpg\" alt=\"\">\n              <div class=\"carousel-caption\">\n                \n              <\/div>\n            <\/div>\n          <\/div>\n          <div class=\"nbs\">\n            <span class=\"current\"><\/span> \/ <span class=\"length\"><\/span>\n          <\/div>\n          <a class=\"carousel-control-prev\" href=\"#slider_1\" role=\"button\" data-slide=\"prev\">\n            <svg width=\"7\" height=\"12\" viewBox=\"0 0 7 12\" fill=\"none\" xmlns=\"http:\/\/www.w3.org\/2000\/svg\">\n              <path d=\"M6 11L1 6L6 1\" stroke=\"#314651\" stroke-width=\"2\" stroke-linecap=\"round\" stroke-linejoin=\"round\"><\/path>\n            <\/svg>\n          <\/a>\n          <a class=\"carousel-control-next\" href=\"#slider_1\" role=\"button\" data-slide=\"next\">\n            <svg width=\"7\" height=\"12\" viewBox=\"0 0 7 12\" fill=\"none\" xmlns=\"http:\/\/www.w3.org\/2000\/svg\">\n              <path d=\"M1 1L6 6L1 11\" stroke=\"#314651\" stroke-width=\"2\" stroke-linecap=\"round\" stroke-linejoin=\"round\"><\/path>\n            <\/svg>\n          <\/a>\n        <\/div>\n      <\/div>\n    <\/div>\n  <\/div>\n<\/div>\n\n<div class=\"component text\">\n  <div class=\"container\">\n\n\n    <div class=\"row\">\n      <div class=\"col  col-lg-8  offset-lg-2\">\n        <p><img loading=\"lazy\" decoding=\"async\" class=\"wp-image-34049 alignleft\" src=\"https:\/\/www.11onze.cat\/wp-content\/uploads\/2022\/06\/Logo_11Onze_Escola_A-800x74.png\" alt=\"\" width=\"280\" height=\"26\" srcset=\"https:\/\/www.11onze.cat\/wp-content\/uploads\/2022\/06\/Logo_11Onze_Escola_A-800x74.png 800w, https:\/\/www.11onze.cat\/wp-content\/uploads\/2022\/06\/Logo_11Onze_Escola_A-1400x129.png 1400w, https:\/\/www.11onze.cat\/wp-content\/uploads\/2022\/06\/Logo_11Onze_Escola_A-768x71.png 768w, https:\/\/www.11onze.cat\/wp-content\/uploads\/2022\/06\/Logo_11Onze_Escola_A-1536x142.png 1536w, https:\/\/www.11onze.cat\/wp-content\/uploads\/2022\/06\/Logo_11Onze_Escola_A-2048x189.png 2048w\" sizes=\"auto, (max-width: 280px) 100vw, 280px\" \/><\/p>\n<h2><\/h2>\n<h2 style=\"text-align: left;\"><strong>Educaci\u00f3 financera per comprendre el m\u00f3n<\/strong><\/h2>\n\n      <\/div>\n    <\/div>\n  <\/div>\n<\/div>\n","protected":false},"excerpt":{"rendered":"","protected":false},"author":12,"featured_media":34041,"parent":0,"menu_order":0,"comment_status":"closed","ping_status":"closed","template":"","meta":{"_acf_changed":true,"content-type":"","footnotes":""},"class_list":["post-34036","page","type-page","status-publish","has-post-thumbnail","hentry"],"acf":[],"yoast_head":"<!-- This site is optimized with the Yoast SEO plugin v27.5 - https:\/\/yoast.com\/product\/yoast-seo-wordpress\/ -->\n<title>11Onze Escola - 11Onze<\/title>\n<meta name=\"robots\" content=\"index, follow, max-snippet:-1, max-image-preview:large, max-video-preview:-1\" \/>\n<link rel=\"canonical\" href=\"https:\/\/www.11onze.cat\/es\/11onze-escola\/\" \/>\n<meta property=\"og:locale\" content=\"es_ES\" \/>\n<meta property=\"og:type\" content=\"article\" \/>\n<meta property=\"og:title\" content=\"11Onze Escola - 11Onze\" \/>\n<meta property=\"og:url\" content=\"https:\/\/www.11onze.cat\/es\/11onze-escola\/\" \/>\n<meta property=\"og:site_name\" content=\"11Onze\" \/>\n<meta property=\"article:publisher\" content=\"https:\/\/www.facebook.com\/11OnzeComunitat\" \/>\n<meta property=\"article:modified_time\" content=\"2025-04-22T11:14:40+00:00\" \/>\n<meta property=\"og:image\" content=\"https:\/\/www.11onze.cat\/wp-content\/uploads\/2022\/06\/HERO_IMAGE_ESCOLA_LANDING.jpg\" \/>\n\t<meta property=\"og:image:width\" content=\"2000\" \/>\n\t<meta property=\"og:image:height\" content=\"677\" \/>\n\t<meta property=\"og:image:type\" content=\"image\/jpeg\" \/>\n<meta name=\"twitter:card\" content=\"summary_large_image\" \/>\n<meta name=\"twitter:site\" content=\"@11OnzeFintech\" \/>\n<meta name=\"twitter:label1\" content=\"Tiempo de lectura\" \/>\n\t<meta name=\"twitter:data1\" content=\"1 minuto\" \/>\n<script type=\"application\/ld+json\" class=\"yoast-schema-graph\">{\"@context\":\"https:\\\/\\\/schema.org\",\"@graph\":[{\"@type\":\"WebPage\",\"@id\":\"https:\\\/\\\/www.11onze.cat\\\/es\\\/11onze-escola\\\/\",\"url\":\"https:\\\/\\\/www.11onze.cat\\\/es\\\/11onze-escola\\\/\",\"name\":\"11Onze Escola - 11Onze\",\"isPartOf\":{\"@id\":\"https:\\\/\\\/www.11onze.cat\\\/es\\\/#website\"},\"primaryImageOfPage\":{\"@id\":\"https:\\\/\\\/www.11onze.cat\\\/es\\\/11onze-escola\\\/#primaryimage\"},\"image\":{\"@id\":\"https:\\\/\\\/www.11onze.cat\\\/es\\\/11onze-escola\\\/#primaryimage\"},\"thumbnailUrl\":\"https:\\\/\\\/www.11onze.cat\\\/wp-content\\\/uploads\\\/2022\\\/06\\\/HERO_IMAGE_ESCOLA_LANDING.jpg\",\"datePublished\":\"2022-06-29T09:32:16+00:00\",\"dateModified\":\"2025-04-22T11:14:40+00:00\",\"breadcrumb\":{\"@id\":\"https:\\\/\\\/www.11onze.cat\\\/es\\\/11onze-escola\\\/#breadcrumb\"},\"inLanguage\":\"es\",\"potentialAction\":[{\"@type\":\"ReadAction\",\"target\":[\"https:\\\/\\\/www.11onze.cat\\\/es\\\/11onze-escola\\\/\"]}]},{\"@type\":\"ImageObject\",\"inLanguage\":\"es\",\"@id\":\"https:\\\/\\\/www.11onze.cat\\\/es\\\/11onze-escola\\\/#primaryimage\",\"url\":\"https:\\\/\\\/www.11onze.cat\\\/wp-content\\\/uploads\\\/2022\\\/06\\\/HERO_IMAGE_ESCOLA_LANDING.jpg\",\"contentUrl\":\"https:\\\/\\\/www.11onze.cat\\\/wp-content\\\/uploads\\\/2022\\\/06\\\/HERO_IMAGE_ESCOLA_LANDING.jpg\",\"width\":2000,\"height\":677},{\"@type\":\"BreadcrumbList\",\"@id\":\"https:\\\/\\\/www.11onze.cat\\\/es\\\/11onze-escola\\\/#breadcrumb\",\"itemListElement\":[{\"@type\":\"ListItem\",\"position\":1,\"name\":\"Home\",\"item\":\"https:\\\/\\\/www.11onze.cat\\\/es\\\/\"},{\"@type\":\"ListItem\",\"position\":2,\"name\":\"11Onze Escola\"}]},{\"@type\":\"WebSite\",\"@id\":\"https:\\\/\\\/www.11onze.cat\\\/es\\\/#website\",\"url\":\"https:\\\/\\\/www.11onze.cat\\\/es\\\/\",\"name\":\"11Onze\",\"description\":\"Primera comunidad fintech digital en Catalu\u00f1a\",\"publisher\":{\"@id\":\"https:\\\/\\\/www.11onze.cat\\\/es\\\/#organization\"},\"potentialAction\":[{\"@type\":\"SearchAction\",\"target\":{\"@type\":\"EntryPoint\",\"urlTemplate\":\"https:\\\/\\\/www.11onze.cat\\\/es\\\/?s={search_term_string}\"},\"query-input\":{\"@type\":\"PropertyValueSpecification\",\"valueRequired\":true,\"valueName\":\"search_term_string\"}}],\"inLanguage\":\"es\"},{\"@type\":\"Organization\",\"@id\":\"https:\\\/\\\/www.11onze.cat\\\/es\\\/#organization\",\"name\":\"11Onze\",\"url\":\"https:\\\/\\\/www.11onze.cat\\\/es\\\/\",\"logo\":{\"@type\":\"ImageObject\",\"inLanguage\":\"es\",\"@id\":\"https:\\\/\\\/www.11onze.cat\\\/es\\\/#\\\/schema\\\/logo\\\/image\\\/\",\"url\":\"https:\\\/\\\/www.11onze.cat\\\/wp-content\\\/uploads\\\/2021\\\/04\\\/512x512-11Onze.jpg\",\"contentUrl\":\"https:\\\/\\\/www.11onze.cat\\\/wp-content\\\/uploads\\\/2021\\\/04\\\/512x512-11Onze.jpg\",\"width\":512,\"height\":512,\"caption\":\"11Onze\"},\"image\":{\"@id\":\"https:\\\/\\\/www.11onze.cat\\\/es\\\/#\\\/schema\\\/logo\\\/image\\\/\"},\"sameAs\":[\"https:\\\/\\\/www.facebook.com\\\/11OnzeComunitat\",\"https:\\\/\\\/x.com\\\/11OnzeFintech\",\"https:\\\/\\\/www.instagram.com\\\/11onzecat\\\/\",\"https:\\\/\\\/www.linkedin.com\\\/company\\\/11onzebanc\",\"https:\\\/\\\/www.youtube.com\\\/channel\\\/UCz63R8Byd_kBKtK2M4Qf_7w\"]}]}<\/script>\n<!-- \/ Yoast SEO plugin. -->","yoast_head_json":{"title":"11Onze Escola - 11Onze","robots":{"index":"index","follow":"follow","max-snippet":"max-snippet:-1","max-image-preview":"max-image-preview:large","max-video-preview":"max-video-preview:-1"},"canonical":"https:\/\/www.11onze.cat\/es\/11onze-escola\/","og_locale":"es_ES","og_type":"article","og_title":"11Onze Escola - 11Onze","og_url":"https:\/\/www.11onze.cat\/es\/11onze-escola\/","og_site_name":"11Onze","article_publisher":"https:\/\/www.facebook.com\/11OnzeComunitat","article_modified_time":"2025-04-22T11:14:40+00:00","og_image":[{"width":2000,"height":677,"url":"https:\/\/www.11onze.cat\/wp-content\/uploads\/2022\/06\/HERO_IMAGE_ESCOLA_LANDING.jpg","type":"image\/jpeg"}],"twitter_card":"summary_large_image","twitter_site":"@11OnzeFintech","twitter_misc":{"Tiempo de lectura":"1 minuto"},"schema":{"@context":"https:\/\/schema.org","@graph":[{"@type":"WebPage","@id":"https:\/\/www.11onze.cat\/es\/11onze-escola\/","url":"https:\/\/www.11onze.cat\/es\/11onze-escola\/","name":"11Onze Escola - 11Onze","isPartOf":{"@id":"https:\/\/www.11onze.cat\/es\/#website"},"primaryImageOfPage":{"@id":"https:\/\/www.11onze.cat\/es\/11onze-escola\/#primaryimage"},"image":{"@id":"https:\/\/www.11onze.cat\/es\/11onze-escola\/#primaryimage"},"thumbnailUrl":"https:\/\/www.11onze.cat\/wp-content\/uploads\/2022\/06\/HERO_IMAGE_ESCOLA_LANDING.jpg","datePublished":"2022-06-29T09:32:16+00:00","dateModified":"2025-04-22T11:14:40+00:00","breadcrumb":{"@id":"https:\/\/www.11onze.cat\/es\/11onze-escola\/#breadcrumb"},"inLanguage":"es","potentialAction":[{"@type":"ReadAction","target":["https:\/\/www.11onze.cat\/es\/11onze-escola\/"]}]},{"@type":"ImageObject","inLanguage":"es","@id":"https:\/\/www.11onze.cat\/es\/11onze-escola\/#primaryimage","url":"https:\/\/www.11onze.cat\/wp-content\/uploads\/2022\/06\/HERO_IMAGE_ESCOLA_LANDING.jpg","contentUrl":"https:\/\/www.11onze.cat\/wp-content\/uploads\/2022\/06\/HERO_IMAGE_ESCOLA_LANDING.jpg","width":2000,"height":677},{"@type":"BreadcrumbList","@id":"https:\/\/www.11onze.cat\/es\/11onze-escola\/#breadcrumb","itemListElement":[{"@type":"ListItem","position":1,"name":"Home","item":"https:\/\/www.11onze.cat\/es\/"},{"@type":"ListItem","position":2,"name":"11Onze Escola"}]},{"@type":"WebSite","@id":"https:\/\/www.11onze.cat\/es\/#website","url":"https:\/\/www.11onze.cat\/es\/","name":"11Onze","description":"Primera comunidad fintech digital en Catalu\u00f1a","publisher":{"@id":"https:\/\/www.11onze.cat\/es\/#organization"},"potentialAction":[{"@type":"SearchAction","target":{"@type":"EntryPoint","urlTemplate":"https:\/\/www.11onze.cat\/es\/?s={search_term_string}"},"query-input":{"@type":"PropertyValueSpecification","valueRequired":true,"valueName":"search_term_string"}}],"inLanguage":"es"},{"@type":"Organization","@id":"https:\/\/www.11onze.cat\/es\/#organization","name":"11Onze","url":"https:\/\/www.11onze.cat\/es\/","logo":{"@type":"ImageObject","inLanguage":"es","@id":"https:\/\/www.11onze.cat\/es\/#\/schema\/logo\/image\/","url":"https:\/\/www.11onze.cat\/wp-content\/uploads\/2021\/04\/512x512-11Onze.jpg","contentUrl":"https:\/\/www.11onze.cat\/wp-content\/uploads\/2021\/04\/512x512-11Onze.jpg","width":512,"height":512,"caption":"11Onze"},"image":{"@id":"https:\/\/www.11onze.cat\/es\/#\/schema\/logo\/image\/"},"sameAs":["https:\/\/www.facebook.com\/11OnzeComunitat","https:\/\/x.com\/11OnzeFintech","https:\/\/www.instagram.com\/11onzecat\/","https:\/\/www.linkedin.com\/company\/11onzebanc","https:\/\/www.youtube.com\/channel\/UCz63R8Byd_kBKtK2M4Qf_7w"]}]}},"_links":{"self":[{"href":"https:\/\/www.11onze.cat\/es\/wp-json\/wp\/v2\/pages\/34036","targetHints":{"allow":["GET"]}}],"collection":[{"href":"https:\/\/www.11onze.cat\/es\/wp-json\/wp\/v2\/pages"}],"about":[{"href":"https:\/\/www.11onze.cat\/es\/wp-json\/wp\/v2\/types\/page"}],"author":[{"embeddable":true,"href":"https:\/\/www.11onze.cat\/es\/wp-json\/wp\/v2\/users\/12"}],"replies":[{"embeddable":true,"href":"https:\/\/www.11onze.cat\/es\/wp-json\/wp\/v2\/comments?post=34036"}],"version-history":[{"count":0,"href":"https:\/\/www.11onze.cat\/es\/wp-json\/wp\/v2\/pages\/34036\/revisions"}],"wp:featuredmedia":[{"embeddable":true,"href":"https:\/\/www.11onze.cat\/es\/wp-json\/wp\/v2\/media\/34041"}],"wp:attachment":[{"href":"https:\/\/www.11onze.cat\/es\/wp-json\/wp\/v2\/media?parent=34036"}],"curies":[{"name":"wp","href":"https:\/\/api.w.org\/{rel}","templated":true}]}}