{"id":2719,"date":"2021-03-24T16:51:43","date_gmt":"2021-03-24T16:51:43","guid":{"rendered":"https:\/\/11onze.dev.wondr.io\/home-page\/"},"modified":"2025-06-18T11:34:19","modified_gmt":"2025-06-18T09:34:19","slug":"home-page","status":"publish","type":"page","link":"https:\/\/www.11onze.cat\/es\/","title":{"rendered":"Home Page"},"content":{"rendered":"<div class=\"component text\">\n  <div class=\"container\">\n\n\n    <div class=\"row\">\n      <div class=\"col  col-lg-8  offset-lg-2\">\n        \n<h1 style=\"text-align: center;\">Un valor refugio: Preciosos 11Onze.<\/h1>\n\n      <\/div>\n    <\/div>\n  <\/div>\n<\/div>\n\n\n<div class=\"component text\">\n  <div class=\"container\">\n\n\n    <div class=\"row\">\n      <div class=\"col  col-lg-8  offset-lg-2\">\n        <div class=\"hs-cta-embed hs-cta-simple-placeholder hs-cta-embed-245618109666\" style=\"max-width: 100%; max-height: 100%; width: 1200px; height: 480px;\" data-hubspot-wrapper-cta-id=\"245618109666\"><a href=\"https:\/\/cta-eu1.hubspot.com\/web-interactives\/public\/v1\/track\/redirect?encryptedPayload=AVxigLIjxYjxvDNQHyLm9A08M%2BwW9mJr093T2f%2FHbEzaVZevSHwxZ9auFLFiWipnafrsNbvo6ouDUiTrgKAbTKOe5g7o3rruEUxZ2XCn9%2Fnb1rxHDd58hUo5omy1GW93lsqTfDB1z2EoVCSM9ARtZrVF7TKD9TCw2WrcyGyGWzIciQXoiMNKXaKamumeaIjYjgKlSl5er58XLmDaJeP4vhMotsA5SQVKC0e%2BFQ5TcUDpDl520gzJT%2B0LzVOuCSX1jWFXVWlquqayyku9BxgHYM1EW%2F2XBA%3D%3D&amp;webInteractiveContentId=245618109666&amp;portalId=24960543\" target=\"_blank\" rel=\"noopener\"><br \/>\n<img decoding=\"async\" style=\"height: 100%; width: 100%; object-fit: fill;\" src=\"https:\/\/hubspot-no-cache-eu1-prod.s3.amazonaws.com\/cta\/default\/24960543\/interactive-245618109666.png\" alt=\"\" \/><br \/>\n<\/a><\/div>\n\n      <\/div>\n    <\/div>\n  <\/div>\n<\/div>\n\n\n<div class=\"component cards\">\n  <div class=\"container\">\n    <div class=\"row\">\n      <div class=\"col col-xl-8 offset-xl-2\">\n        <h1>Hoy destacamos<\/h1>\n        <div class=\"cards__wrapper\">\n          <div class=\"card\">\n            <a href=\"https:\/\/www.11onze.cat\/es\/magazine\/geopolitica-quien-tiene-deuda-tiene-poder\/\" class=\"card-link\"><\/a>\n            <div class=\"card-img\">\n              <img decoding=\"async\" src=\"https:\/\/www.11onze.cat\/wp-content\/uploads\/2024\/07\/THUMBNAIL_Geopolitica-800x533.jpg\" class=\"card-img-top\" alt=\"\">\n                <span class=\"card-category\">Econom\u00eda<\/span>\n            <\/div>\n            <div class=\"card-body\">\n              <p class=\"card-title p2\"><strong>Geopol\u00edtica: qui\u00e9n tiene la deuda, tiene el poder<\/strong><\/p>\n              <span class=\"card-time\">4min lectura<\/span>\n              <p class=\"card-text small\"><\/p>\n            <\/div>\n          <\/div>\n          <div class=\"card\">\n            <a href=\"https:\/\/www.11onze.cat\/es\/magazine\/fracassado-sanciones-rusia\/\" class=\"card-link\"><\/a>\n            <div class=\"card-img\">\n              <img decoding=\"async\" src=\"https:\/\/www.11onze.cat\/wp-content\/uploads\/2024\/04\/THUMBNAIL_sancions_russia-800x533.png\" class=\"card-img-top\" alt=\"\">\n                <span class=\"card-category\">Econom\u00eda<\/span>\n            <\/div>\n            <div class=\"card-body\">\n              <p class=\"card-title p2\"><strong>Por qu\u00e9 han fracasado las sanciones contra Rusia<\/strong><\/p>\n              <span class=\"card-time\">7min lectura<\/span>\n              <p class=\"card-text small\"><\/p>\n            <\/div>\n          <\/div>\n          <div class=\"card\">\n            <a href=\"https:\/\/www.11onze.cat\/es\/magazine\/rentable-negocio-guerra\/\" class=\"card-link\"><\/a>\n            <div class=\"card-img\">\n              <img decoding=\"async\" src=\"https:\/\/www.11onze.cat\/wp-content\/uploads\/2024\/04\/THUMBNAIL_TREBALL_industria_armament-800x533.png\" class=\"card-img-top\" alt=\"\">\n                <span class=\"card-category\">Econom\u00eda<\/span>\n            <\/div>\n            <div class=\"card-body\">\n              <p class=\"card-title p2\"><strong>El rentable negocio de la guerra<\/strong><\/p>\n              <span class=\"card-time\">4min lectura<\/span>\n              <p class=\"card-text small\"><\/p>\n            <\/div>\n          <\/div>\n        <\/div>\n      <\/div>\n    <\/div>\n  <\/div>\n<\/div>\n\n\n<div class=\"component gallery gallery--full\">\n  <div class=\"carousel slide\">\n    <div class=\"carousel-inner\">\n      <div class=\"carousel-item active\">\n        <img decoding=\"async\" class=\"d-block w-100\" src=\"https:\/\/www.11onze.cat\/wp-content\/uploads\/2021\/04\/Full_Image_11Onze_Retail_App.jpeg\" alt=\"11Onze-Personal-App\">\n        <div class=\"carousel-caption\">\n          \n        <\/div>\n      <\/div>\n    <\/div>\n  <\/div>\n<\/div>\n\n\n<div class=\"component tabs\">\n  <div class=\"container\">\n    <div class=\"row\">\n      <div class=\"col col-12 col-lg-8 offset-lg-2\">\n        <div class=\"tabs__head\">\n          <h1>Cuentas \ud83d\udcf2<\/h1>\n        <\/div>\n\n        <ul class=\"tabs__menu nav nav-pills\" role=\"tablist\">\n          <li class=\"nav-item\">\n            <a class=\"nav-link active\" id=\"tabTitle1\" data-toggle=\"pill\" href=\"#tabs-content-block-1-tab1\" role=\"tab\" aria-controls=\"tabs-content-block-1-tab1\" aria-selected=\"true\">Particulares<\/a>\n          <\/li>\n          <li class=\"nav-item\">\n            <a class=\"nav-link \" id=\"tabTitle2\" data-toggle=\"pill\" href=\"#tabs-content-block-1-tab2\" role=\"tab\" aria-controls=\"tabs-content-block-1-tab2\" >Empresas<\/a>\n          <\/li>\n        <\/ul>\n\n        <div class=\"tab-content tabs__content\">\n          <div class=\"tab-pane fade show active\" id=\"tabs-content-block-1-tab1\" role=\"tabpanel\" aria-labelledby=\"tabTitle1\">\n            <div class=\"row\">\n              <div class=\"col col-12 col-lg-6\">\n                <p><strong>Estamos creando El Canut, la super app de 11Onze. As\u00ed es la nueva generaci\u00f3n digital financiera dise\u00f1ada para las personas con las \u00faltimas tecnolog\u00edas.<\/strong><\/p>\n<p><strong><a href=\"https:\/\/www.11onze.cat\/es\/cuenta-particulares\/\">M\u00e1s informaci\u00f3n<\/a><\/strong><\/p>\n<p>&nbsp;<\/p>\n\n              <\/div>\n              <div class=\"col col-12 col-lg-6\">\n                <p>Actualmente, la primera versi\u00f3n de El Canut, la futura super app financiera, incluye los siguientes productos:<\/p>\n<ul>\n<li><b>PSD2<\/b><\/li>\n<li><b>IBAN Europeo<\/b><\/li>\n<li><b>Tarjeta Virtual<\/b><\/li>\n<li><b>Tarjeta F\u00edsica<\/b><\/li>\n<\/ul>\n\n              <\/div>\n            <\/div>\n          <\/div>\n          <div class=\"tab-pane fade show \" id=\"tabs-content-block-1-tab2\" role=\"tabpanel\" aria-labelledby=\"tabTitle2\">\n            <div class=\"row\">\n              <div class=\"col col-12 col-lg-6\">\n                <p><strong>Deja de perder tiempo y dinero. 11Onze Business es la cuenta para empresas y aut\u00f3nomos que te ayuda a llevar tu empresa a otro nivel. Desc\u00fabrelo <a href=\"https:\/\/www.11onze.cat\/es\/?page_id=36486\">aqu\u00ed<\/a>.<\/strong><\/p>\n<p>&nbsp;<\/p>\n<ul>\n<li>Cuenta multidivisa. 28 divisas disponibles con pagos a 180 pa\u00edses.<\/li>\n<li>Herramienta de pagos masivos (bulk payments).<\/li>\n<li>IBAN del Reino Unido (UK) dentro de la zona SEPA.<\/li>\n<\/ul>\n\n              <\/div>\n              <div class=\"col col-12 col-lg-6\">\n                <ul>\n<li>Dinero asegurado sin l\u00edmite.<\/li>\n<li>Opera con Forex al mejor precio.<\/li>\n<li>Crea subcuentas para tus proyectos o trabajadores, asignando niveles de responsabilidad.<\/li>\n<li>Control en directo de tesorer\u00eda.<\/li>\n<li>SWIFT gpi para poder saber en todo momento d\u00f3nde est\u00e1 tu dinero en las transferencias internacionales.<\/li>\n<\/ul>\n\n              <\/div>\n            <\/div>\n          <\/div>\n        <\/div>\n      <\/div>\n    <\/div>\n  <\/div>\n<\/div>","protected":false},"excerpt":{"rendered":"","protected":false},"author":4,"featured_media":5217,"parent":0,"menu_order":0,"comment_status":"closed","ping_status":"open","template":"front-page.php","meta":{"_acf_changed":true,"content-type":"","footnotes":""},"class_list":["post-2719","page","type-page","status-publish","has-post-thumbnail","hentry"],"acf":[],"yoast_head":"<!-- This site is optimized with the Yoast SEO plugin v27.3 - https:\/\/yoast.com\/product\/yoast-seo-wordpress\/ -->\n<title>11Onze Comunidad Fintech de Catalu\u00f1a - 11Onze<\/title>\n<meta name=\"description\" content=\"Descubre 11Onze, primera comunidad fintech de Catalu\u00f1a. Ofrecemos servicios bancarios de \u00faltima generaci\u00f3n con El Canut. Entra y reg\u00edstrate.\" \/>\n<meta name=\"robots\" content=\"index, follow, max-snippet:-1, max-image-preview:large, max-video-preview:-1\" \/>\n<link rel=\"canonical\" href=\"https:\/\/www.11onze.cat\/es\/\" \/>\n<meta property=\"og:locale\" content=\"es_ES\" \/>\n<meta property=\"og:type\" content=\"article\" \/>\n<meta property=\"og:title\" content=\"11Onze Comunidad Fintech de Catalu\u00f1a - 11Onze\" \/>\n<meta property=\"og:description\" content=\"Descubre 11Onze, primera comunidad fintech de Catalu\u00f1a. Ofrecemos servicios bancarios de \u00faltima generaci\u00f3n con El Canut. Entra y reg\u00edstrate.\" \/>\n<meta property=\"og:url\" content=\"https:\/\/www.11onze.cat\/es\/\" \/>\n<meta property=\"og:site_name\" content=\"11Onze\" \/>\n<meta property=\"article:publisher\" content=\"https:\/\/www.facebook.com\/11OnzeComunitat\" \/>\n<meta property=\"article:modified_time\" content=\"2025-06-18T09:34:19+00:00\" \/>\n<meta property=\"og:image\" content=\"https:\/\/www.11onze.cat\/wp-content\/uploads\/2021\/04\/Full_Image_11Onze_Retail_App.jpeg\" \/>\n\t<meta property=\"og:image:width\" content=\"1920\" \/>\n\t<meta property=\"og:image:height\" content=\"536\" \/>\n\t<meta property=\"og:image:type\" content=\"image\/jpeg\" \/>\n<meta name=\"twitter:card\" content=\"summary_large_image\" \/>\n<meta name=\"twitter:image\" content=\"https:\/\/www.11onze.cat\/wp-content\/uploads\/2021\/04\/Full_Image_11Onze_Retail_App.jpeg\" \/>\n<meta name=\"twitter:site\" content=\"@11OnzeFintech\" \/>\n<meta name=\"twitter:label1\" content=\"Tiempo de lectura\" \/>\n\t<meta name=\"twitter:data1\" content=\"1 minuto\" \/>\n<script type=\"application\/ld+json\" class=\"yoast-schema-graph\">{\"@context\":\"https:\\\/\\\/schema.org\",\"@graph\":[{\"@type\":\"WebPage\",\"@id\":\"https:\\\/\\\/www.11onze.cat\\\/es\\\/\",\"url\":\"https:\\\/\\\/www.11onze.cat\\\/es\\\/\",\"name\":\"11Onze Comunidad Fintech de Catalu\u00f1a - 11Onze\",\"isPartOf\":{\"@id\":\"https:\\\/\\\/www.11onze.cat\\\/es\\\/#website\"},\"primaryImageOfPage\":{\"@id\":\"https:\\\/\\\/www.11onze.cat\\\/es\\\/#primaryimage\"},\"image\":{\"@id\":\"https:\\\/\\\/www.11onze.cat\\\/es\\\/#primaryimage\"},\"thumbnailUrl\":\"https:\\\/\\\/www.11onze.cat\\\/wp-content\\\/uploads\\\/2021\\\/04\\\/1024x1024-11Onze-1.png\",\"datePublished\":\"2021-03-24T16:51:43+00:00\",\"dateModified\":\"2025-06-18T09:34:19+00:00\",\"description\":\"Descubre 11Onze, primera comunidad fintech de Catalu\u00f1a. Ofrecemos servicios bancarios de \u00faltima generaci\u00f3n con El Canut. Entra y reg\u00edstrate.\",\"breadcrumb\":{\"@id\":\"https:\\\/\\\/www.11onze.cat\\\/es\\\/#breadcrumb\"},\"inLanguage\":\"es\",\"potentialAction\":[{\"@type\":\"ReadAction\",\"target\":[\"https:\\\/\\\/www.11onze.cat\\\/es\\\/\"]}]},{\"@type\":\"ImageObject\",\"inLanguage\":\"es\",\"@id\":\"https:\\\/\\\/www.11onze.cat\\\/es\\\/#primaryimage\",\"url\":\"https:\\\/\\\/www.11onze.cat\\\/wp-content\\\/uploads\\\/2021\\\/04\\\/1024x1024-11Onze-1.png\",\"contentUrl\":\"https:\\\/\\\/www.11onze.cat\\\/wp-content\\\/uploads\\\/2021\\\/04\\\/1024x1024-11Onze-1.png\",\"width\":1024,\"height\":1024,\"caption\":\"11Onze-logo\"},{\"@type\":\"BreadcrumbList\",\"@id\":\"https:\\\/\\\/www.11onze.cat\\\/es\\\/#breadcrumb\",\"itemListElement\":[{\"@type\":\"ListItem\",\"position\":1,\"name\":\"Home\",\"item\":\"https:\\\/\\\/www.11onze.cat\\\/es\\\/\"},{\"@type\":\"ListItem\",\"position\":2,\"name\":\"Home Page\"}]},{\"@type\":\"WebSite\",\"@id\":\"https:\\\/\\\/www.11onze.cat\\\/es\\\/#website\",\"url\":\"https:\\\/\\\/www.11onze.cat\\\/es\\\/\",\"name\":\"11Onze\",\"description\":\"Primera comunidad fintech digital en Catalu\u00f1a\",\"publisher\":{\"@id\":\"https:\\\/\\\/www.11onze.cat\\\/es\\\/#organization\"},\"potentialAction\":[{\"@type\":\"SearchAction\",\"target\":{\"@type\":\"EntryPoint\",\"urlTemplate\":\"https:\\\/\\\/www.11onze.cat\\\/es\\\/?s={search_term_string}\"},\"query-input\":{\"@type\":\"PropertyValueSpecification\",\"valueRequired\":true,\"valueName\":\"search_term_string\"}}],\"inLanguage\":\"es\"},{\"@type\":\"Organization\",\"@id\":\"https:\\\/\\\/www.11onze.cat\\\/es\\\/#organization\",\"name\":\"11Onze\",\"url\":\"https:\\\/\\\/www.11onze.cat\\\/es\\\/\",\"logo\":{\"@type\":\"ImageObject\",\"inLanguage\":\"es\",\"@id\":\"https:\\\/\\\/www.11onze.cat\\\/es\\\/#\\\/schema\\\/logo\\\/image\\\/\",\"url\":\"https:\\\/\\\/www.11onze.cat\\\/wp-content\\\/uploads\\\/2021\\\/04\\\/512x512-11Onze.jpg\",\"contentUrl\":\"https:\\\/\\\/www.11onze.cat\\\/wp-content\\\/uploads\\\/2021\\\/04\\\/512x512-11Onze.jpg\",\"width\":512,\"height\":512,\"caption\":\"11Onze\"},\"image\":{\"@id\":\"https:\\\/\\\/www.11onze.cat\\\/es\\\/#\\\/schema\\\/logo\\\/image\\\/\"},\"sameAs\":[\"https:\\\/\\\/www.facebook.com\\\/11OnzeComunitat\",\"https:\\\/\\\/x.com\\\/11OnzeFintech\",\"https:\\\/\\\/www.instagram.com\\\/11onzecat\\\/\",\"https:\\\/\\\/www.linkedin.com\\\/company\\\/11onzebanc\",\"https:\\\/\\\/www.youtube.com\\\/channel\\\/UCz63R8Byd_kBKtK2M4Qf_7w\"]}]}<\/script>\n<!-- \/ Yoast SEO plugin. -->","yoast_head_json":{"title":"11Onze Comunidad Fintech de Catalu\u00f1a - 11Onze","description":"Descubre 11Onze, primera comunidad fintech de Catalu\u00f1a. Ofrecemos servicios bancarios de \u00faltima generaci\u00f3n con El Canut. Entra y reg\u00edstrate.","robots":{"index":"index","follow":"follow","max-snippet":"max-snippet:-1","max-image-preview":"max-image-preview:large","max-video-preview":"max-video-preview:-1"},"canonical":"https:\/\/www.11onze.cat\/es\/","og_locale":"es_ES","og_type":"article","og_title":"11Onze Comunidad Fintech de Catalu\u00f1a - 11Onze","og_description":"Descubre 11Onze, primera comunidad fintech de Catalu\u00f1a. Ofrecemos servicios bancarios de \u00faltima generaci\u00f3n con El Canut. Entra y reg\u00edstrate.","og_url":"https:\/\/www.11onze.cat\/es\/","og_site_name":"11Onze","article_publisher":"https:\/\/www.facebook.com\/11OnzeComunitat","article_modified_time":"2025-06-18T09:34:19+00:00","og_image":[{"width":1920,"height":536,"url":"https:\/\/www.11onze.cat\/wp-content\/uploads\/2021\/04\/Full_Image_11Onze_Retail_App.jpeg","type":"image\/jpeg"}],"twitter_card":"summary_large_image","twitter_image":"https:\/\/www.11onze.cat\/wp-content\/uploads\/2021\/04\/Full_Image_11Onze_Retail_App.jpeg","twitter_site":"@11OnzeFintech","twitter_misc":{"Tiempo de lectura":"1 minuto"},"schema":{"@context":"https:\/\/schema.org","@graph":[{"@type":"WebPage","@id":"https:\/\/www.11onze.cat\/es\/","url":"https:\/\/www.11onze.cat\/es\/","name":"11Onze Comunidad Fintech de Catalu\u00f1a - 11Onze","isPartOf":{"@id":"https:\/\/www.11onze.cat\/es\/#website"},"primaryImageOfPage":{"@id":"https:\/\/www.11onze.cat\/es\/#primaryimage"},"image":{"@id":"https:\/\/www.11onze.cat\/es\/#primaryimage"},"thumbnailUrl":"https:\/\/www.11onze.cat\/wp-content\/uploads\/2021\/04\/1024x1024-11Onze-1.png","datePublished":"2021-03-24T16:51:43+00:00","dateModified":"2025-06-18T09:34:19+00:00","description":"Descubre 11Onze, primera comunidad fintech de Catalu\u00f1a. Ofrecemos servicios bancarios de \u00faltima generaci\u00f3n con El Canut. Entra y reg\u00edstrate.","breadcrumb":{"@id":"https:\/\/www.11onze.cat\/es\/#breadcrumb"},"inLanguage":"es","potentialAction":[{"@type":"ReadAction","target":["https:\/\/www.11onze.cat\/es\/"]}]},{"@type":"ImageObject","inLanguage":"es","@id":"https:\/\/www.11onze.cat\/es\/#primaryimage","url":"https:\/\/www.11onze.cat\/wp-content\/uploads\/2021\/04\/1024x1024-11Onze-1.png","contentUrl":"https:\/\/www.11onze.cat\/wp-content\/uploads\/2021\/04\/1024x1024-11Onze-1.png","width":1024,"height":1024,"caption":"11Onze-logo"},{"@type":"BreadcrumbList","@id":"https:\/\/www.11onze.cat\/es\/#breadcrumb","itemListElement":[{"@type":"ListItem","position":1,"name":"Home","item":"https:\/\/www.11onze.cat\/es\/"},{"@type":"ListItem","position":2,"name":"Home Page"}]},{"@type":"WebSite","@id":"https:\/\/www.11onze.cat\/es\/#website","url":"https:\/\/www.11onze.cat\/es\/","name":"11Onze","description":"Primera comunidad fintech digital en Catalu\u00f1a","publisher":{"@id":"https:\/\/www.11onze.cat\/es\/#organization"},"potentialAction":[{"@type":"SearchAction","target":{"@type":"EntryPoint","urlTemplate":"https:\/\/www.11onze.cat\/es\/?s={search_term_string}"},"query-input":{"@type":"PropertyValueSpecification","valueRequired":true,"valueName":"search_term_string"}}],"inLanguage":"es"},{"@type":"Organization","@id":"https:\/\/www.11onze.cat\/es\/#organization","name":"11Onze","url":"https:\/\/www.11onze.cat\/es\/","logo":{"@type":"ImageObject","inLanguage":"es","@id":"https:\/\/www.11onze.cat\/es\/#\/schema\/logo\/image\/","url":"https:\/\/www.11onze.cat\/wp-content\/uploads\/2021\/04\/512x512-11Onze.jpg","contentUrl":"https:\/\/www.11onze.cat\/wp-content\/uploads\/2021\/04\/512x512-11Onze.jpg","width":512,"height":512,"caption":"11Onze"},"image":{"@id":"https:\/\/www.11onze.cat\/es\/#\/schema\/logo\/image\/"},"sameAs":["https:\/\/www.facebook.com\/11OnzeComunitat","https:\/\/x.com\/11OnzeFintech","https:\/\/www.instagram.com\/11onzecat\/","https:\/\/www.linkedin.com\/company\/11onzebanc","https:\/\/www.youtube.com\/channel\/UCz63R8Byd_kBKtK2M4Qf_7w"]}]}},"_links":{"self":[{"href":"https:\/\/www.11onze.cat\/es\/wp-json\/wp\/v2\/pages\/2719","targetHints":{"allow":["GET"]}}],"collection":[{"href":"https:\/\/www.11onze.cat\/es\/wp-json\/wp\/v2\/pages"}],"about":[{"href":"https:\/\/www.11onze.cat\/es\/wp-json\/wp\/v2\/types\/page"}],"author":[{"embeddable":true,"href":"https:\/\/www.11onze.cat\/es\/wp-json\/wp\/v2\/users\/4"}],"replies":[{"embeddable":true,"href":"https:\/\/www.11onze.cat\/es\/wp-json\/wp\/v2\/comments?post=2719"}],"version-history":[{"count":0,"href":"https:\/\/www.11onze.cat\/es\/wp-json\/wp\/v2\/pages\/2719\/revisions"}],"wp:featuredmedia":[{"embeddable":true,"href":"https:\/\/www.11onze.cat\/es\/wp-json\/wp\/v2\/media\/5217"}],"wp:attachment":[{"href":"https:\/\/www.11onze.cat\/es\/wp-json\/wp\/v2\/media?parent=2719"}],"curies":[{"name":"wp","href":"https:\/\/api.w.org\/{rel}","templated":true}]}}