{"id":2600,"date":"2021-03-24T14:55:45","date_gmt":"2021-03-24T14:55:45","guid":{"rendered":"https:\/\/11onze.dev.wondr.io\/terminos-y-condiciones-de-uso\/"},"modified":"2024-02-05T15:18:41","modified_gmt":"2024-02-05T14:18:41","slug":"terminos-y-condiciones-de-uso","status":"publish","type":"page","link":"https:\/\/www.11onze.cat\/es\/terminos-y-condiciones-de-uso\/","title":{"rendered":"T\u00e9rminos y condiciones de uso"},"content":{"rendered":"<div class=\"component text\">\n  <div class=\"container\">\n\n\n    <div class=\"row\">\n      <div class=\"col  col-lg-8  offset-lg-2\">\n        <h6>[Las traducciones solo se proporcionan por conveniencia. El ingl\u00e9s ser\u00e1 el idioma predeterminado y prevalece como el idioma principal en todos los t\u00e9rminos y condiciones.]<\/h6>\n<h2 class=\"p1\"><span class=\"s1\"><b>Aviso legal<\/b><\/span><\/h2>\n<p class=\"p3\"><span class=\"s2\">Nombre jur\u00eddico: <strong>11Onze Holdings SCA<\/strong><\/span><span class=\"s3\"><b><br \/>\n<\/b><\/span><span class=\"s2\">N\u00famero de registro: <\/span><strong><span class=\"s4\">B255346<\/span><\/strong><span class=\"s3\"><b><br \/>\n<\/b><\/span><span class=\"s2\">Domicilio social: <strong>18, Rue de l\u2019Eau, L-1449 Luxembourg, Gran Ducado de Luxembourg<\/strong><\/span><b><br \/>\n<\/b>Direcci\u00f3n de correo electr\u00f3nico de contacto: <a href=\"suport@11onze.cat\"><span class=\"s5\">suport@11onze.cat<\/span><\/a><\/p>\n<h3 class=\"p1\"><strong>P\u00e1gina web<\/strong><\/h3>\n<p class=\"p1\"><span style=\"font-weight: 400;\">Le informamos que el sitio web <\/span><a href=\"http:\/\/www.11onze.cat\"><span style=\"font-weight: 400;\">www.11onze.cat<\/span><\/a><span style=\"font-weight: 400;\"> es propiedad de <strong>11Onze Holdings SCA<\/strong>\u00a0y tiene por objeto dar a conocer las actividades que realizamos.<\/span><\/p>\n<h3 class=\"p1\"><strong>Pol\u00edtica de privacidad<\/strong><\/h3>\n<p class=\"p1\"><span style=\"font-weight: 400;\">De conformidad con lo establecido en la legislaci\u00f3n vigente, en todo momento garantizamos la seguridad y confidencialidad de los datos de car\u00e1cter personal. Puede consultar nuestra <strong>pol\u00edtica de privacidad <\/strong><\/span><a href=\"https:\/\/comunitat.11onze.cat\/es\/politica-de-privacidad\/\"><b>aqu\u00ed<\/b><\/a>.<\/p>\n<h3 class=\"p1\"><strong>Pol\u00edtica de cookies<\/strong><\/h3>\n<p><span class=\"Apple-converted-space\"><span style=\"font-weight: 400;\">Nuestra p\u00e1gina utiliza cookies para facilitar la navegaci\u00f3n por la Web y para obtener una mayor eficacia y personalizaci\u00f3n de los servicios ofrecidos. Puede consultar nuestra <strong>pol\u00edtica de cookies<\/strong><\/span> <\/span><a href=\"https:\/\/comunitat.11onze.cat\/es\/politica-de-privacidad\/\"><span class=\"s9\"><b>aqu\u00ed<\/b><\/span><\/a><span class=\"s10\">.<\/span><\/p>\n<h3 class=\"p1\"><strong>Propiedad Industrial e Intelectual<\/strong><\/h3>\n<p><span style=\"font-weight: 400;\">Quedan reservados todos los derechos de propiedad intelectual y los derechos de explotaci\u00f3n sobre este sitio web, su software, dise\u00f1o gr\u00e1fico y sus contenidos, a favor de <strong>11Onze Holdings SCA<\/strong>, salvo que se indique lo contrario.<\/span><\/p>\n<p><span style=\"font-weight: 400;\">Los nombres, dise\u00f1os, logotipos y\/o marcas que figuren en este sitio web est\u00e1n debidamente registrados o tienen los derechos suficientes para realizar su uso.<\/span><\/p>\n<p><span style=\"font-weight: 400;\">Cualquier uso indebido de los mismos por persona distinta de su leg\u00edtimo titular podr\u00e1 ser perseguido por v\u00eda judicial de conformidad con la legislaci\u00f3n vigente.<\/span><\/p>\n<h3 class=\"p1\"><strong>Enlaces a otros sitios web | Hiperv\u00ednculos<\/strong><\/h3>\n<p class=\"p1\"><span class=\"s11\"><b><strong>11Onze Holdings SCA<\/strong> <\/b><\/span><span style=\"font-weight: 400;\">no se hace responsable de los contenidos e informaciones que figuren en otros sitios web no pertenecientes a nosotros, a los que se pudiera acceder a trav\u00e9s de enlaces o links disponibles en nuestro sitio web. Cualquier otra p\u00e1gina web tendr\u00e1 prohibida la incorporaci\u00f3n de un hiperv\u00ednculo a la p\u00e1gina sin su expresa autorizaci\u00f3n. En cualquier caso, dicha autorizaci\u00f3n implicar\u00e1 que el hiperv\u00ednculo no se haga de forma que perjudique nuestra imagen o cualquier derecho de nuestros usuarios.<\/span><\/p>\n<h3 class=\"p1\"><strong>Condiciones de utilizaci\u00f3n<\/strong><\/h3>\n<p><span style=\"font-weight: 400;\">La navegaci\u00f3n por la web otorga la condici\u00f3n de usuario de la web e implica la aceptaci\u00f3n plena y sin reservas del presente Aviso Legal. El usuario se compromete a usar los contenidos publicados en este sitio web de una forma l\u00edcita en general y, en particular, se compromete a abstenerse de (a) utilizar los contenidos de forma, con fines o efectos contrarios a la ley, a la moral y a las buenas costumbres generalmente aceptadas o al orden p\u00fablico; (b) emplear los contenidos con fines econ\u00f3micos, venta directa o con cualquier otra clase de finalidad comercial, mensajes no solicitados dirigidos a una pluralidad de personas con independencia de su finalidad, as\u00ed como a abstenerse de comercializar o divulgar de cualquier modo dicha informaci\u00f3n.<\/span><\/p>\n<p><span style=\"font-weight: 400;\"><strong>11Onze Holdings SCA<\/strong> se reserva el derecho a modificar unilateralmente, en cualquier momento y sin previo aviso, la presentaci\u00f3n y configuraci\u00f3n de los contenidos y los servicios del Portal, as\u00ed como las condiciones requeridas para su utilizaci\u00f3n cuando ello sea conveniente para su mejor prestaci\u00f3n.<\/span><\/p>\n<h3 class=\"p1\"><strong>Limitaci\u00f3n de Responsabilidad<\/strong><\/h3>\n<p><span style=\"font-weight: 400;\"><strong>11Onze Holdings SCA<\/strong> no asume ning\u00fan tipo de responsabilidad por el uso o el mal uso de la informaci\u00f3n, los datos facilitados, los servicios o productos rese\u00f1ados en este sitio web y no se hace responsable de los posibles errores de seguridad que se puedan producir ni de los posibles da\u00f1os que puedan causarse al sistema inform\u00e1tico del Usuario (hardware y software), los ficheros o documentos almacenados en el mismo, como consecuencia de la presencia de virus en el ordenador del Usuario utilizado para la conexi\u00f3n a los servicios y contenidos de la Web, de un mal funcionamiento del navegador o del uso de versiones no actualizadas del mismo.<\/span><\/p>\n<p><span style=\"font-weight: 400;\">Este sitio web incluye o puede incluir, dentro de sus contenidos, enlaces a sitios web que son propiedad y\/o est\u00e1n gestionados por terceros. Este sitio web no asume ninguna responsabilidad derivada de la existencia de enlaces entre los contenidos de este sitio y contenidos situados fuera del mismo o de cualquier otra menci\u00f3n de contenidos externos a este sitio.<\/span><\/p>\n<p><span style=\"font-weight: 400;\">Dentro de sus contenidos, la web puede contener enlaces a archivos gr\u00e1ficos y audiovisuales que pueden estar protegidos por derecho de autor. No se asume ninguna responsabilidad derivada de la descarga y uso que se haga de esos archivos.<\/span><\/p>\n<p><span style=\"font-weight: 400;\"><strong>11Onze Holdings SCA<\/strong> podr\u00e1, cuando lo considere conveniente, realizar correcciones, mejoras o modificaciones en la informaci\u00f3n contenida en este sitio web sin que ello d\u00e9 lugar ni derecho a ninguna reclamaci\u00f3n o indemnizaci\u00f3n, ni implique reconocimiento de responsabilidad alguna. Tampoco se har\u00e1 responsable por los da\u00f1os y perjuicios de cualquier naturaleza que se pudieran derivar de la disponibilidad y continuidad t\u00e9cnica del funcionamiento de este sitio web. Este sitio web no se responsabiliza de las opiniones y comentarios vertidos por los usuarios de este sitio web.<\/span><\/p>\n<h3 class=\"p1\"><strong>Legislaci\u00f3n y jurisdicci\u00f3n<\/strong><\/h3>\n<p><span style=\"font-weight: 400;\">A todos los efectos, y ante cualquier problema que se derive de la prestaci\u00f3n de los servicios contenidos en esta web, se somete a la legislaci\u00f3n y la jurisdicci\u00f3n espa\u00f1ola.<\/span><\/p>\n<p><span style=\"font-weight: 400;\"><strong>11Onze Holdings SCA<\/strong> y el usuario, con renuncia expresa a cualquier otro fuero, se someten al de los juzgados y tribunales de la ciudad de Barcelona (Espa\u00f1a).<\/span><\/p>\n\n      <\/div>\n    <\/div>\n  <\/div>\n<\/div>\n","protected":false},"excerpt":{"rendered":"","protected":false},"author":5,"featured_media":0,"parent":0,"menu_order":0,"comment_status":"closed","ping_status":"closed","template":"","meta":{"_acf_changed":false,"content-type":"","footnotes":""},"class_list":["post-2600","page","type-page","status-publish","hentry"],"acf":[],"yoast_head":"<!-- This site is optimized with the Yoast SEO plugin v27.3 - https:\/\/yoast.com\/product\/yoast-seo-wordpress\/ -->\n<title>T\u00e9rminos y condiciones de uso - 11Onze<\/title>\n<meta name=\"robots\" content=\"index, follow, max-snippet:-1, max-image-preview:large, max-video-preview:-1\" \/>\n<link rel=\"canonical\" href=\"https:\/\/www.11onze.cat\/es\/terminos-y-condiciones-de-uso\/\" \/>\n<meta property=\"og:locale\" content=\"es_ES\" \/>\n<meta property=\"og:type\" content=\"article\" \/>\n<meta property=\"og:title\" content=\"T\u00e9rminos y condiciones de uso - 11Onze\" \/>\n<meta property=\"og:url\" content=\"https:\/\/www.11onze.cat\/es\/terminos-y-condiciones-de-uso\/\" \/>\n<meta property=\"og:site_name\" content=\"11Onze\" \/>\n<meta property=\"article:publisher\" content=\"https:\/\/www.facebook.com\/11OnzeComunitat\" \/>\n<meta property=\"article:modified_time\" content=\"2024-02-05T14:18:41+00:00\" \/>\n<meta property=\"og:image\" content=\"https:\/\/www.11onze.cat\/wp-content\/uploads\/2021\/04\/Full_Image_11Onze_Retail_App.jpeg\" \/>\n\t<meta property=\"og:image:width\" content=\"1920\" \/>\n\t<meta property=\"og:image:height\" content=\"536\" \/>\n\t<meta property=\"og:image:type\" content=\"image\/jpeg\" \/>\n<meta name=\"twitter:card\" content=\"summary_large_image\" \/>\n<meta name=\"twitter:site\" content=\"@11OnzeFintech\" \/>\n<script type=\"application\/ld+json\" class=\"yoast-schema-graph\">{\"@context\":\"https:\\\/\\\/schema.org\",\"@graph\":[{\"@type\":\"WebPage\",\"@id\":\"https:\\\/\\\/www.11onze.cat\\\/es\\\/terminos-y-condiciones-de-uso\\\/\",\"url\":\"https:\\\/\\\/www.11onze.cat\\\/es\\\/terminos-y-condiciones-de-uso\\\/\",\"name\":\"T\u00e9rminos y condiciones de uso - 11Onze\",\"isPartOf\":{\"@id\":\"https:\\\/\\\/www.11onze.cat\\\/es\\\/#website\"},\"datePublished\":\"2021-03-24T14:55:45+00:00\",\"dateModified\":\"2024-02-05T14:18:41+00:00\",\"breadcrumb\":{\"@id\":\"https:\\\/\\\/www.11onze.cat\\\/es\\\/terminos-y-condiciones-de-uso\\\/#breadcrumb\"},\"inLanguage\":\"es\",\"potentialAction\":[{\"@type\":\"ReadAction\",\"target\":[\"https:\\\/\\\/www.11onze.cat\\\/es\\\/terminos-y-condiciones-de-uso\\\/\"]}]},{\"@type\":\"BreadcrumbList\",\"@id\":\"https:\\\/\\\/www.11onze.cat\\\/es\\\/terminos-y-condiciones-de-uso\\\/#breadcrumb\",\"itemListElement\":[{\"@type\":\"ListItem\",\"position\":1,\"name\":\"Home\",\"item\":\"https:\\\/\\\/www.11onze.cat\\\/es\\\/\"},{\"@type\":\"ListItem\",\"position\":2,\"name\":\"T\u00e9rminos y condiciones de uso\"}]},{\"@type\":\"WebSite\",\"@id\":\"https:\\\/\\\/www.11onze.cat\\\/es\\\/#website\",\"url\":\"https:\\\/\\\/www.11onze.cat\\\/es\\\/\",\"name\":\"11Onze\",\"description\":\"Primera comunidad fintech digital en Catalu\u00f1a\",\"publisher\":{\"@id\":\"https:\\\/\\\/www.11onze.cat\\\/es\\\/#organization\"},\"potentialAction\":[{\"@type\":\"SearchAction\",\"target\":{\"@type\":\"EntryPoint\",\"urlTemplate\":\"https:\\\/\\\/www.11onze.cat\\\/es\\\/?s={search_term_string}\"},\"query-input\":{\"@type\":\"PropertyValueSpecification\",\"valueRequired\":true,\"valueName\":\"search_term_string\"}}],\"inLanguage\":\"es\"},{\"@type\":\"Organization\",\"@id\":\"https:\\\/\\\/www.11onze.cat\\\/es\\\/#organization\",\"name\":\"11Onze\",\"url\":\"https:\\\/\\\/www.11onze.cat\\\/es\\\/\",\"logo\":{\"@type\":\"ImageObject\",\"inLanguage\":\"es\",\"@id\":\"https:\\\/\\\/www.11onze.cat\\\/es\\\/#\\\/schema\\\/logo\\\/image\\\/\",\"url\":\"https:\\\/\\\/www.11onze.cat\\\/wp-content\\\/uploads\\\/2021\\\/04\\\/512x512-11Onze.jpg\",\"contentUrl\":\"https:\\\/\\\/www.11onze.cat\\\/wp-content\\\/uploads\\\/2021\\\/04\\\/512x512-11Onze.jpg\",\"width\":512,\"height\":512,\"caption\":\"11Onze\"},\"image\":{\"@id\":\"https:\\\/\\\/www.11onze.cat\\\/es\\\/#\\\/schema\\\/logo\\\/image\\\/\"},\"sameAs\":[\"https:\\\/\\\/www.facebook.com\\\/11OnzeComunitat\",\"https:\\\/\\\/x.com\\\/11OnzeFintech\",\"https:\\\/\\\/www.instagram.com\\\/11onzecat\\\/\",\"https:\\\/\\\/www.linkedin.com\\\/company\\\/11onzebanc\",\"https:\\\/\\\/www.youtube.com\\\/channel\\\/UCz63R8Byd_kBKtK2M4Qf_7w\"]}]}<\/script>\n<!-- \/ Yoast SEO plugin. -->","yoast_head_json":{"title":"T\u00e9rminos y condiciones de uso - 11Onze","robots":{"index":"index","follow":"follow","max-snippet":"max-snippet:-1","max-image-preview":"max-image-preview:large","max-video-preview":"max-video-preview:-1"},"canonical":"https:\/\/www.11onze.cat\/es\/terminos-y-condiciones-de-uso\/","og_locale":"es_ES","og_type":"article","og_title":"T\u00e9rminos y condiciones de uso - 11Onze","og_url":"https:\/\/www.11onze.cat\/es\/terminos-y-condiciones-de-uso\/","og_site_name":"11Onze","article_publisher":"https:\/\/www.facebook.com\/11OnzeComunitat","article_modified_time":"2024-02-05T14:18:41+00:00","og_image":[{"width":1920,"height":536,"url":"https:\/\/www.11onze.cat\/wp-content\/uploads\/2021\/04\/Full_Image_11Onze_Retail_App.jpeg","type":"image\/jpeg"}],"twitter_card":"summary_large_image","twitter_site":"@11OnzeFintech","schema":{"@context":"https:\/\/schema.org","@graph":[{"@type":"WebPage","@id":"https:\/\/www.11onze.cat\/es\/terminos-y-condiciones-de-uso\/","url":"https:\/\/www.11onze.cat\/es\/terminos-y-condiciones-de-uso\/","name":"T\u00e9rminos y condiciones de uso - 11Onze","isPartOf":{"@id":"https:\/\/www.11onze.cat\/es\/#website"},"datePublished":"2021-03-24T14:55:45+00:00","dateModified":"2024-02-05T14:18:41+00:00","breadcrumb":{"@id":"https:\/\/www.11onze.cat\/es\/terminos-y-condiciones-de-uso\/#breadcrumb"},"inLanguage":"es","potentialAction":[{"@type":"ReadAction","target":["https:\/\/www.11onze.cat\/es\/terminos-y-condiciones-de-uso\/"]}]},{"@type":"BreadcrumbList","@id":"https:\/\/www.11onze.cat\/es\/terminos-y-condiciones-de-uso\/#breadcrumb","itemListElement":[{"@type":"ListItem","position":1,"name":"Home","item":"https:\/\/www.11onze.cat\/es\/"},{"@type":"ListItem","position":2,"name":"T\u00e9rminos y condiciones de uso"}]},{"@type":"WebSite","@id":"https:\/\/www.11onze.cat\/es\/#website","url":"https:\/\/www.11onze.cat\/es\/","name":"11Onze","description":"Primera comunidad fintech digital en Catalu\u00f1a","publisher":{"@id":"https:\/\/www.11onze.cat\/es\/#organization"},"potentialAction":[{"@type":"SearchAction","target":{"@type":"EntryPoint","urlTemplate":"https:\/\/www.11onze.cat\/es\/?s={search_term_string}"},"query-input":{"@type":"PropertyValueSpecification","valueRequired":true,"valueName":"search_term_string"}}],"inLanguage":"es"},{"@type":"Organization","@id":"https:\/\/www.11onze.cat\/es\/#organization","name":"11Onze","url":"https:\/\/www.11onze.cat\/es\/","logo":{"@type":"ImageObject","inLanguage":"es","@id":"https:\/\/www.11onze.cat\/es\/#\/schema\/logo\/image\/","url":"https:\/\/www.11onze.cat\/wp-content\/uploads\/2021\/04\/512x512-11Onze.jpg","contentUrl":"https:\/\/www.11onze.cat\/wp-content\/uploads\/2021\/04\/512x512-11Onze.jpg","width":512,"height":512,"caption":"11Onze"},"image":{"@id":"https:\/\/www.11onze.cat\/es\/#\/schema\/logo\/image\/"},"sameAs":["https:\/\/www.facebook.com\/11OnzeComunitat","https:\/\/x.com\/11OnzeFintech","https:\/\/www.instagram.com\/11onzecat\/","https:\/\/www.linkedin.com\/company\/11onzebanc","https:\/\/www.youtube.com\/channel\/UCz63R8Byd_kBKtK2M4Qf_7w"]}]}},"_links":{"self":[{"href":"https:\/\/www.11onze.cat\/es\/wp-json\/wp\/v2\/pages\/2600","targetHints":{"allow":["GET"]}}],"collection":[{"href":"https:\/\/www.11onze.cat\/es\/wp-json\/wp\/v2\/pages"}],"about":[{"href":"https:\/\/www.11onze.cat\/es\/wp-json\/wp\/v2\/types\/page"}],"author":[{"embeddable":true,"href":"https:\/\/www.11onze.cat\/es\/wp-json\/wp\/v2\/users\/5"}],"replies":[{"embeddable":true,"href":"https:\/\/www.11onze.cat\/es\/wp-json\/wp\/v2\/comments?post=2600"}],"version-history":[{"count":0,"href":"https:\/\/www.11onze.cat\/es\/wp-json\/wp\/v2\/pages\/2600\/revisions"}],"wp:attachment":[{"href":"https:\/\/www.11onze.cat\/es\/wp-json\/wp\/v2\/media?parent=2600"}],"curies":[{"name":"wp","href":"https:\/\/api.w.org\/{rel}","templated":true}]}}